{"id":354,"date":"2019-08-05T12:39:01","date_gmt":"2019-08-05T10:39:01","guid":{"rendered":"https:\/\/www.gruene-syke.de\/?page_id=354"},"modified":"2025-12-28T13:23:25","modified_gmt":"2025-12-28T12:23:25","slug":"unser-team","status":"publish","type":"page","link":"https:\/\/www.gruene-syke.de\/?page_id=354","title":{"rendered":"Unser Team"},"content":{"rendered":"\n<p>Mehr Infos:<\/p>\n\n\n\n<p><a href=\"https:\/\/www.gruene-syke.de\/?page_id=365\">Unsere Vertreter*innen im Stadtrat Syke und in den Ortsr\u00e4ten<\/a><\/p>\n\n\n\n<p><a href=\"https:\/\/www.gruene-syke.de\/?page_id=368\">Vorstand des Gr\u00fcnen Ortsverbands Syke<\/a><\/p>\n\n\n\n<p><\/p>\n\n\n\n<div style=\"height:29px\" aria-hidden=\"true\" class=\"wp-block-spacer\"><\/div>\n\n\n\n<h2 class=\"wp-block-heading\" id=\"syker-grune-im-stadtrat-und-in-den-ortsraten-ab-2021\">Syker Gr\u00fcne im Stadtrat und in den Ortsr\u00e4ten<\/h2>\n\n\n\n<div class=\"wp-block-columns is-layout-flex wp-container-core-columns-is-layout-9d6595d7 wp-block-columns-is-layout-flex\">\n<div class=\"wp-block-column is-layout-flow wp-block-column-is-layout-flow\"><\/div>\n\n\n\n<div class=\"wp-block-column is-layout-flow wp-block-column-is-layout-flow\"><\/div>\n<\/div>\n\n\n\n<div class=\"wp-block-group is-layout-constrained wp-block-group-is-layout-constrained\">\n<figure class=\"wp-block-gallery has-nested-images columns-3 is-cropped wp-block-gallery-1 is-layout-flex wp-block-gallery-is-layout-flex\">\n<figure class=\"wp-block-image size-large\"><img loading=\"lazy\" decoding=\"async\" width=\"800\" height=\"1067\" data-id=\"1575\" src=\"https:\/\/www.gruene-syke.de\/wp-content\/uploads\/2021\/08\/Nils-Brickwedel-800x1067.jpg\" alt=\"\" class=\"wp-image-1575\" srcset=\"https:\/\/www.gruene-syke.de\/wp-content\/uploads\/2021\/08\/Nils-Brickwedel-800x1067.jpg 800w, https:\/\/www.gruene-syke.de\/wp-content\/uploads\/2021\/08\/Nils-Brickwedel-400x533.jpg 400w, https:\/\/www.gruene-syke.de\/wp-content\/uploads\/2021\/08\/Nils-Brickwedel-768x1024.jpg 768w, https:\/\/www.gruene-syke.de\/wp-content\/uploads\/2021\/08\/Nils-Brickwedel-1152x1536.jpg 1152w, https:\/\/www.gruene-syke.de\/wp-content\/uploads\/2021\/08\/Nils-Brickwedel-1536x2048.jpg 1536w, https:\/\/www.gruene-syke.de\/wp-content\/uploads\/2021\/08\/Nils-Brickwedel-112x150.jpg 112w, https:\/\/www.gruene-syke.de\/wp-content\/uploads\/2021\/08\/Nils-Brickwedel-scaled.jpg 1920w\" sizes=\"auto, (max-width: 800px) 100vw, 800px\" \/><figcaption class=\"wp-element-caption\">Nils Brickwedel, Stadtrat Syke <br>(Fraktionsvorsitzender)<\/figcaption><\/figure>\n\n\n\n<figure class=\"wp-block-image size-large\"><img loading=\"lazy\" decoding=\"async\" width=\"800\" height=\"800\" data-id=\"1405\" src=\"https:\/\/www.gruene-syke.de\/wp-content\/uploads\/2021\/08\/Jutta1-800x800.jpg\" alt=\"\" class=\"wp-image-1405\" srcset=\"https:\/\/www.gruene-syke.de\/wp-content\/uploads\/2021\/08\/Jutta1-800x800.jpg 800w, https:\/\/www.gruene-syke.de\/wp-content\/uploads\/2021\/08\/Jutta1-400x400.jpg 400w, https:\/\/www.gruene-syke.de\/wp-content\/uploads\/2021\/08\/Jutta1-150x150.jpg 150w, https:\/\/www.gruene-syke.de\/wp-content\/uploads\/2021\/08\/Jutta1-768x768.jpg 768w, https:\/\/www.gruene-syke.de\/wp-content\/uploads\/2021\/08\/Jutta1.jpg 1180w\" sizes=\"auto, (max-width: 800px) 100vw, 800px\" \/><figcaption class=\"wp-element-caption\">Jutta Filikowski, Stadtrat Syke<\/figcaption><\/figure>\n\n\n\n<figure class=\"wp-block-image size-large\"><img loading=\"lazy\" decoding=\"async\" width=\"800\" height=\"1067\" data-id=\"1566\" src=\"https:\/\/www.gruene-syke.de\/wp-content\/uploads\/2021\/08\/Henning-Greve-Toebelmann-800x1067.jpg\" alt=\"\" class=\"wp-image-1566\" srcset=\"https:\/\/www.gruene-syke.de\/wp-content\/uploads\/2021\/08\/Henning-Greve-Toebelmann-800x1067.jpg 800w, https:\/\/www.gruene-syke.de\/wp-content\/uploads\/2021\/08\/Henning-Greve-Toebelmann-400x533.jpg 400w, https:\/\/www.gruene-syke.de\/wp-content\/uploads\/2021\/08\/Henning-Greve-Toebelmann-768x1024.jpg 768w, https:\/\/www.gruene-syke.de\/wp-content\/uploads\/2021\/08\/Henning-Greve-Toebelmann-1152x1536.jpg 1152w, https:\/\/www.gruene-syke.de\/wp-content\/uploads\/2021\/08\/Henning-Greve-Toebelmann-1536x2048.jpg 1536w, https:\/\/www.gruene-syke.de\/wp-content\/uploads\/2021\/08\/Henning-Greve-Toebelmann-113x150.jpg 113w, https:\/\/www.gruene-syke.de\/wp-content\/uploads\/2021\/08\/Henning-Greve-Toebelmann-scaled.jpg 1920w\" sizes=\"auto, (max-width: 800px) 100vw, 800px\" \/><figcaption class=\"wp-element-caption\">Henning Greve-T\u00f6belmann, Stadtrat Syke<\/figcaption><\/figure>\n\n\n\n<figure class=\"wp-block-image size-large\"><img loading=\"lazy\" decoding=\"async\" width=\"800\" height=\"1067\" data-id=\"1577\" src=\"https:\/\/www.gruene-syke.de\/wp-content\/uploads\/2021\/08\/Samer-Nahas-800x1067.jpg\" alt=\"\" class=\"wp-image-1577\" srcset=\"https:\/\/www.gruene-syke.de\/wp-content\/uploads\/2021\/08\/Samer-Nahas-800x1067.jpg 800w, https:\/\/www.gruene-syke.de\/wp-content\/uploads\/2021\/08\/Samer-Nahas-400x533.jpg 400w, https:\/\/www.gruene-syke.de\/wp-content\/uploads\/2021\/08\/Samer-Nahas-768x1024.jpg 768w, https:\/\/www.gruene-syke.de\/wp-content\/uploads\/2021\/08\/Samer-Nahas-1152x1536.jpg 1152w, https:\/\/www.gruene-syke.de\/wp-content\/uploads\/2021\/08\/Samer-Nahas-1536x2048.jpg 1536w, https:\/\/www.gruene-syke.de\/wp-content\/uploads\/2021\/08\/Samer-Nahas-113x150.jpg 113w, https:\/\/www.gruene-syke.de\/wp-content\/uploads\/2021\/08\/Samer-Nahas-scaled.jpg 1920w\" sizes=\"auto, (max-width: 800px) 100vw, 800px\" \/><figcaption class=\"wp-element-caption\">Samer Nahas, Stadtrat Syke <br>und Ortsrat Steimke<\/figcaption><\/figure>\n\n\n\n<figure class=\"wp-block-image size-large\"><img loading=\"lazy\" decoding=\"async\" width=\"800\" height=\"1067\" data-id=\"1564\" src=\"https:\/\/www.gruene-syke.de\/wp-content\/uploads\/2021\/08\/Gerhard-Thiel-800x1067.jpg\" alt=\"\" class=\"wp-image-1564\" srcset=\"https:\/\/www.gruene-syke.de\/wp-content\/uploads\/2021\/08\/Gerhard-Thiel-800x1067.jpg 800w, https:\/\/www.gruene-syke.de\/wp-content\/uploads\/2021\/08\/Gerhard-Thiel-400x533.jpg 400w, https:\/\/www.gruene-syke.de\/wp-content\/uploads\/2021\/08\/Gerhard-Thiel-768x1024.jpg 768w, https:\/\/www.gruene-syke.de\/wp-content\/uploads\/2021\/08\/Gerhard-Thiel-1152x1536.jpg 1152w, https:\/\/www.gruene-syke.de\/wp-content\/uploads\/2021\/08\/Gerhard-Thiel-1536x2048.jpg 1536w, https:\/\/www.gruene-syke.de\/wp-content\/uploads\/2021\/08\/Gerhard-Thiel-113x150.jpg 113w, https:\/\/www.gruene-syke.de\/wp-content\/uploads\/2021\/08\/Gerhard-Thiel-scaled.jpg 1920w\" sizes=\"auto, (max-width: 800px) 100vw, 800px\" \/><figcaption class=\"wp-element-caption\">Gerhard Thiel, Ortsrat Gessel<\/figcaption><\/figure>\n\n\n\n<figure class=\"wp-block-image size-large\"><img loading=\"lazy\" decoding=\"async\" width=\"800\" height=\"1067\" data-id=\"1568\" src=\"https:\/\/www.gruene-syke.de\/wp-content\/uploads\/2021\/08\/Jana-Osmer-800x1067.jpg\" alt=\"\" class=\"wp-image-1568\" srcset=\"https:\/\/www.gruene-syke.de\/wp-content\/uploads\/2021\/08\/Jana-Osmer-800x1067.jpg 800w, https:\/\/www.gruene-syke.de\/wp-content\/uploads\/2021\/08\/Jana-Osmer-400x533.jpg 400w, https:\/\/www.gruene-syke.de\/wp-content\/uploads\/2021\/08\/Jana-Osmer-768x1024.jpg 768w, https:\/\/www.gruene-syke.de\/wp-content\/uploads\/2021\/08\/Jana-Osmer-1152x1536.jpg 1152w, https:\/\/www.gruene-syke.de\/wp-content\/uploads\/2021\/08\/Jana-Osmer-1536x2048.jpg 1536w, https:\/\/www.gruene-syke.de\/wp-content\/uploads\/2021\/08\/Jana-Osmer-113x150.jpg 113w, https:\/\/www.gruene-syke.de\/wp-content\/uploads\/2021\/08\/Jana-Osmer-scaled.jpg 1920w\" sizes=\"auto, (max-width: 800px) 100vw, 800px\" \/><figcaption class=\"wp-element-caption\">Jana Osmer, Ortsrat Okel<\/figcaption><\/figure>\n\n\n\n<figure class=\"wp-block-image size-full\"><img loading=\"lazy\" decoding=\"async\" width=\"404\" height=\"538\" data-id=\"1565\" src=\"https:\/\/www.gruene-syke.de\/wp-content\/uploads\/2021\/08\/Heiner-Schomburg.jpg\" alt=\"\" class=\"wp-image-1565\" srcset=\"https:\/\/www.gruene-syke.de\/wp-content\/uploads\/2021\/08\/Heiner-Schomburg.jpg 404w, https:\/\/www.gruene-syke.de\/wp-content\/uploads\/2021\/08\/Heiner-Schomburg-400x533.jpg 400w, https:\/\/www.gruene-syke.de\/wp-content\/uploads\/2021\/08\/Heiner-Schomburg-113x150.jpg 113w\" sizes=\"auto, (max-width: 404px) 100vw, 404px\" \/><figcaption class=\"wp-element-caption\">Heiner Schomburg, Ortsrat Ristedt<\/figcaption><\/figure>\n\n\n\n<figure class=\"wp-block-image size-large\"><img loading=\"lazy\" decoding=\"async\" width=\"800\" height=\"1067\" data-id=\"1559\" src=\"https:\/\/www.gruene-syke.de\/wp-content\/uploads\/2021\/08\/Ariane-Thiel-800x1067.jpg\" alt=\"\" class=\"wp-image-1559\" srcset=\"https:\/\/www.gruene-syke.de\/wp-content\/uploads\/2021\/08\/Ariane-Thiel-800x1067.jpg 800w, https:\/\/www.gruene-syke.de\/wp-content\/uploads\/2021\/08\/Ariane-Thiel-400x533.jpg 400w, https:\/\/www.gruene-syke.de\/wp-content\/uploads\/2021\/08\/Ariane-Thiel-768x1024.jpg 768w, https:\/\/www.gruene-syke.de\/wp-content\/uploads\/2021\/08\/Ariane-Thiel-1152x1536.jpg 1152w, https:\/\/www.gruene-syke.de\/wp-content\/uploads\/2021\/08\/Ariane-Thiel-1536x2048.jpg 1536w, https:\/\/www.gruene-syke.de\/wp-content\/uploads\/2021\/08\/Ariane-Thiel-113x150.jpg 113w, https:\/\/www.gruene-syke.de\/wp-content\/uploads\/2021\/08\/Ariane-Thiel-scaled.jpg 1920w\" sizes=\"auto, (max-width: 800px) 100vw, 800px\" \/><figcaption class=\"wp-element-caption\">Ariane Thiel, Ortsrat Syke<\/figcaption><\/figure>\n\n\n\n<figure class=\"wp-block-image size-large\"><img loading=\"lazy\" decoding=\"async\" width=\"800\" height=\"800\" data-id=\"1406\" src=\"https:\/\/www.gruene-syke.de\/wp-content\/uploads\/2021\/08\/Katja1-800x800.jpg\" alt=\"\" class=\"wp-image-1406\" srcset=\"https:\/\/www.gruene-syke.de\/wp-content\/uploads\/2021\/08\/Katja1-800x800.jpg 800w, https:\/\/www.gruene-syke.de\/wp-content\/uploads\/2021\/08\/Katja1-400x400.jpg 400w, https:\/\/www.gruene-syke.de\/wp-content\/uploads\/2021\/08\/Katja1-150x150.jpg 150w, https:\/\/www.gruene-syke.de\/wp-content\/uploads\/2021\/08\/Katja1-768x768.jpg 768w, https:\/\/www.gruene-syke.de\/wp-content\/uploads\/2021\/08\/Katja1-1536x1536.jpg 1536w, https:\/\/www.gruene-syke.de\/wp-content\/uploads\/2021\/08\/Katja1-2048x2048.jpg 2048w\" sizes=\"auto, (max-width: 800px) 100vw, 800px\" \/><figcaption class=\"wp-element-caption\">Katja Rahders, Ortsrat Wachendorf    <br>Bild: Ronald D. Vogel<\/figcaption><\/figure>\n\n\n\n<figure class=\"wp-block-image size-large\"><img loading=\"lazy\" decoding=\"async\" width=\"800\" height=\"806\" data-id=\"1812\" src=\"https:\/\/www.gruene-syke.de\/wp-content\/uploads\/2021\/08\/sonnenblume_auf_transparent_hellesgelb-01-800x806.png\" alt=\"\" class=\"wp-image-1812\" srcset=\"https:\/\/www.gruene-syke.de\/wp-content\/uploads\/2021\/08\/sonnenblume_auf_transparent_hellesgelb-01-800x806.png 800w, https:\/\/www.gruene-syke.de\/wp-content\/uploads\/2021\/08\/sonnenblume_auf_transparent_hellesgelb-01-400x403.png 400w, https:\/\/www.gruene-syke.de\/wp-content\/uploads\/2021\/08\/sonnenblume_auf_transparent_hellesgelb-01-150x150.png 150w, https:\/\/www.gruene-syke.de\/wp-content\/uploads\/2021\/08\/sonnenblume_auf_transparent_hellesgelb-01-768x774.png 768w, https:\/\/www.gruene-syke.de\/wp-content\/uploads\/2021\/08\/sonnenblume_auf_transparent_hellesgelb-01-1524x1536.png 1524w, https:\/\/www.gruene-syke.de\/wp-content\/uploads\/2021\/08\/sonnenblume_auf_transparent_hellesgelb-01-2032x2048.png 2032w\" sizes=\"auto, (max-width: 800px) 100vw, 800px\" \/><\/figure>\n\n\n\n<figure class=\"wp-block-image size-large\"><img loading=\"lazy\" decoding=\"async\" width=\"800\" height=\"806\" data-id=\"1812\" src=\"https:\/\/www.gruene-syke.de\/wp-content\/uploads\/2021\/08\/sonnenblume_auf_transparent_hellesgelb-01-800x806.png\" alt=\"\" class=\"wp-image-1812\" srcset=\"https:\/\/www.gruene-syke.de\/wp-content\/uploads\/2021\/08\/sonnenblume_auf_transparent_hellesgelb-01-800x806.png 800w, https:\/\/www.gruene-syke.de\/wp-content\/uploads\/2021\/08\/sonnenblume_auf_transparent_hellesgelb-01-400x403.png 400w, https:\/\/www.gruene-syke.de\/wp-content\/uploads\/2021\/08\/sonnenblume_auf_transparent_hellesgelb-01-150x150.png 150w, https:\/\/www.gruene-syke.de\/wp-content\/uploads\/2021\/08\/sonnenblume_auf_transparent_hellesgelb-01-768x774.png 768w, https:\/\/www.gruene-syke.de\/wp-content\/uploads\/2021\/08\/sonnenblume_auf_transparent_hellesgelb-01-1524x1536.png 1524w, https:\/\/www.gruene-syke.de\/wp-content\/uploads\/2021\/08\/sonnenblume_auf_transparent_hellesgelb-01-2032x2048.png 2032w\" sizes=\"auto, (max-width: 800px) 100vw, 800px\" \/><\/figure>\n<\/figure>\n<\/div>\n\n\n\n<p><\/p>\n\n\n\n<p><\/p>\n","protected":false},"excerpt":{"rendered":"<p>Mehr Infos: Unsere Vertreter*innen im Stadtrat Syke und in den Ortsr\u00e4ten Vorstand des Gr\u00fcnen Ortsverbands Syke Syker Gr\u00fcne im Stadtrat und in den Ortsr\u00e4ten<\/p>\n","protected":false},"author":3,"featured_media":0,"parent":0,"menu_order":0,"comment_status":"closed","ping_status":"closed","template":"","meta":{"footnotes":""},"class_list":["post-354","page","type-page","status-publish","hentry"],"_links":{"self":[{"href":"https:\/\/www.gruene-syke.de\/index.php?rest_route=\/wp\/v2\/pages\/354","targetHints":{"allow":["GET"]}}],"collection":[{"href":"https:\/\/www.gruene-syke.de\/index.php?rest_route=\/wp\/v2\/pages"}],"about":[{"href":"https:\/\/www.gruene-syke.de\/index.php?rest_route=\/wp\/v2\/types\/page"}],"author":[{"embeddable":true,"href":"https:\/\/www.gruene-syke.de\/index.php?rest_route=\/wp\/v2\/users\/3"}],"replies":[{"embeddable":true,"href":"https:\/\/www.gruene-syke.de\/index.php?rest_route=%2Fwp%2Fv2%2Fcomments&post=354"}],"version-history":[{"count":26,"href":"https:\/\/www.gruene-syke.de\/index.php?rest_route=\/wp\/v2\/pages\/354\/revisions"}],"predecessor-version":[{"id":3411,"href":"https:\/\/www.gruene-syke.de\/index.php?rest_route=\/wp\/v2\/pages\/354\/revisions\/3411"}],"wp:attachment":[{"href":"https:\/\/www.gruene-syke.de\/index.php?rest_route=%2Fwp%2Fv2%2Fmedia&parent=354"}],"curies":[{"name":"wp","href":"https:\/\/api.w.org\/{rel}","templated":true}]}}