{"id":3440,"date":"2026-02-24T11:28:14","date_gmt":"2026-02-24T10:28:14","guid":{"rendered":"https:\/\/www.gruene-syke.de\/?page_id=3440"},"modified":"2026-02-24T11:31:20","modified_gmt":"2026-02-24T10:31:20","slug":"kommunalwahl-2026","status":"publish","type":"page","link":"https:\/\/www.gruene-syke.de\/?page_id=3440","title":{"rendered":"Kommunalwahl 2026"},"content":{"rendered":"\n<p>In Niedersachsen wird am 13. September 2026 auf kommunaler Ebene gew\u00e4hlt. F\u00fcr Syke bedeutet das die Wahl aller Ratsfrauen und Ratsherren im Stadtrat und in allen Ortsr\u00e4ten. Zudem ist f\u00fcr uns die Wahl des Kreistags Diepholz relevant. In Syke wird zudem das Amt der B\u00fcrgermeisterin neu besetzt werden, da Amtsinhaberin Suse Laue nicht wieder zur Wahl antritt.<\/p>\n\n\n\n<p>An dieser Stelle lernt ihr in K\u00fcrze unsere Kanditatinnen und Kandidaten f\u00fcr alle Gremien sowie deren politischen Ideen und Schwerpunkte kennen. Nat\u00fcrlich stellen wir euch hier auch unsere Wahlprogramme f\u00fcr Syke und den Landkreis Diepholz vor.<\/p>\n","protected":false},"excerpt":{"rendered":"<p>In Niedersachsen wird am 13. September 2026 auf kommunaler Ebene gew\u00e4hlt. F\u00fcr Syke bedeutet das die Wahl aller Ratsfrauen und Ratsherren im Stadtrat und in allen Ortsr\u00e4ten. Zudem ist f\u00fcr [&hellip;]<\/p>\n","protected":false},"author":3,"featured_media":0,"parent":0,"menu_order":0,"comment_status":"closed","ping_status":"closed","template":"","meta":{"footnotes":""},"class_list":["post-3440","page","type-page","status-publish","hentry"],"_links":{"self":[{"href":"https:\/\/www.gruene-syke.de\/index.php?rest_route=\/wp\/v2\/pages\/3440","targetHints":{"allow":["GET"]}}],"collection":[{"href":"https:\/\/www.gruene-syke.de\/index.php?rest_route=\/wp\/v2\/pages"}],"about":[{"href":"https:\/\/www.gruene-syke.de\/index.php?rest_route=\/wp\/v2\/types\/page"}],"author":[{"embeddable":true,"href":"https:\/\/www.gruene-syke.de\/index.php?rest_route=\/wp\/v2\/users\/3"}],"replies":[{"embeddable":true,"href":"https:\/\/www.gruene-syke.de\/index.php?rest_route=%2Fwp%2Fv2%2Fcomments&post=3440"}],"version-history":[{"count":2,"href":"https:\/\/www.gruene-syke.de\/index.php?rest_route=\/wp\/v2\/pages\/3440\/revisions"}],"predecessor-version":[{"id":3446,"href":"https:\/\/www.gruene-syke.de\/index.php?rest_route=\/wp\/v2\/pages\/3440\/revisions\/3446"}],"wp:attachment":[{"href":"https:\/\/www.gruene-syke.de\/index.php?rest_route=%2Fwp%2Fv2%2Fmedia&parent=3440"}],"curies":[{"name":"wp","href":"https:\/\/api.w.org\/{rel}","templated":true}]}}