{"id":3314,"date":"2025-02-17T11:06:20","date_gmt":"2025-02-17T10:06:20","guid":{"rendered":"https:\/\/www.gruene-syke.de\/?page_id=3314"},"modified":"2025-02-17T11:06:20","modified_gmt":"2025-02-17T10:06:20","slug":"impressum","status":"publish","type":"page","link":"https:\/\/www.gruene-syke.de\/?page_id=3314","title":{"rendered":"Impressum"},"content":{"rendered":"\n<p>Herausgeber dieser Internetseiten ist der Ortsverband Syke der Partei B\u00fcndnis 90\/Die Gr\u00fcnen.<\/p>\n\n\n\n<p>Vertretungsberechtigt:<\/p>\n\n\n\n<p>Gerd Finger (V.i.S.d.P)<br>Wilhelmstra\u00dfe 9<br>28857 Syke<\/p>\n\n\n\n<p>E-Mail: <a href=\"#\" data-unscramble=\"ed.ekys-eneurg@regnif.g\">g.finger@gruene-syke.de<\/a><\/p>\n\n\n\n<p>Realisierung durch<\/p>\n\n\n\n<p>verdigado eG<br>Heilig-Kreuz-Stra\u00dfe 16<br>86609 Donauw\u00f6rth<\/p>\n\n\n\n<p><a href=\"http:\/\/verdigado.com\" target=\"_blank\" rel=\"noreferrer noopener\">verdigado.com<br><\/a><a href=\"#\" data-unscramble=\"moc.odagidrev@troppus\">support@verdigado.com<\/a><\/p>\n\n\n\n<p><\/p>\n\n\n\n<p><\/p>\n","protected":false},"excerpt":{"rendered":"<p>Herausgeber dieser Internetseiten ist der Ortsverband Syke der Partei B\u00fcndnis 90\/Die Gr\u00fcnen. Vertretungsberechtigt: Gerd Finger (V.i.S.d.P)Wilhelmstra\u00dfe 928857 Syke E-Mail: g.finger@gruene-syke.de Realisierung durch verdigado eGHeilig-Kreuz-Stra\u00dfe 1686609 Donauw\u00f6rth verdigado.comsupport@verdigado.com<\/p>\n","protected":false},"author":9,"featured_media":0,"parent":0,"menu_order":0,"comment_status":"closed","ping_status":"closed","template":"","meta":{"footnotes":""},"class_list":["post-3314","page","type-page","status-publish","hentry"],"_links":{"self":[{"href":"https:\/\/www.gruene-syke.de\/index.php?rest_route=\/wp\/v2\/pages\/3314","targetHints":{"allow":["GET"]}}],"collection":[{"href":"https:\/\/www.gruene-syke.de\/index.php?rest_route=\/wp\/v2\/pages"}],"about":[{"href":"https:\/\/www.gruene-syke.de\/index.php?rest_route=\/wp\/v2\/types\/page"}],"author":[{"embeddable":true,"href":"https:\/\/www.gruene-syke.de\/index.php?rest_route=\/wp\/v2\/users\/9"}],"replies":[{"embeddable":true,"href":"https:\/\/www.gruene-syke.de\/index.php?rest_route=%2Fwp%2Fv2%2Fcomments&post=3314"}],"version-history":[{"count":2,"href":"https:\/\/www.gruene-syke.de\/index.php?rest_route=\/wp\/v2\/pages\/3314\/revisions"}],"predecessor-version":[{"id":3319,"href":"https:\/\/www.gruene-syke.de\/index.php?rest_route=\/wp\/v2\/pages\/3314\/revisions\/3319"}],"wp:attachment":[{"href":"https:\/\/www.gruene-syke.de\/index.php?rest_route=%2Fwp%2Fv2%2Fmedia&parent=3314"}],"curies":[{"name":"wp","href":"https:\/\/api.w.org\/{rel}","templated":true}]}}