{"id":33,"date":"2019-07-13T18:09:35","date_gmt":"2019-07-13T16:09:35","guid":{"rendered":"https:\/\/gruene.patrick-kloth.de\/?page_id=33"},"modified":"2026-01-12T16:11:15","modified_gmt":"2026-01-12T15:11:15","slug":"startseite","status":"publish","type":"page","link":"https:\/\/www.gruene-syke.de\/","title":{"rendered":""},"content":{"rendered":"\n<p class=\"has-text-align-center has-klee-color has-text-color has-large-font-size\" style=\"font-style:normal;font-weight:700\"><strong>Willkommen bei den Syker Gr\u00fcnen<\/strong><\/p>\n\n\n\n<p class=\"has-text-align-center\">Auf dieser Startseite (<strong>News<\/strong>) schreiben wir \u00fcber aktuelle Themen. Unseren Veranstaltungskalender findet ihr unter <strong><a href=\"https:\/\/www.gruene-syke.de\/?page_id=115\">Termine<\/a><\/strong>, Informationen \u00fcber den Vorstand unseres Ortsverbands und unsere Vertreter*innen im Stadtrat und in den Ortsr\u00e4ten unter <strong><a href=\"https:\/\/www.gruene-syke.de\/?page_id=354\">Unser Team<\/a><\/strong>.<\/p>\n\n\n\n<hr class=\"wp-block-separator has-css-opacity\"\/>\n\n\n\n\n<div class=\"has-background latest-posts wp-block-sunflower-latest-posts\">\n        <div class=\"wp-block-group__inner-container\">\n            \n                <div class=\"row\" data-masonry='{\"percentPosition\": true }'><div class=\"col-md-6\">\n<article id=\"post-3472\" class=\"bg-white mb-4 has-shadow post-3472 post type-post status-publish format-standard has-post-thumbnail hentry category-ankuendigungen category-gruen-vor-ort category-kommunalwahl-2026 category-internes category-stadtrat\">\n\t<div class=\"\">\n\t\t\t\t\t<div class=\"\">\n\t\t\t\t<a href=\"https:\/\/www.gruene-syke.de\/?p=3472\" aria-label=\"Post Thumbnail\" rel=\"bookmark\">\n\t\t\t\t\t\t\t\t<img loading=\"lazy\" decoding=\"async\" width=\"768\" height=\"768\" src=\"https:\/\/www.gruene-syke.de\/wp-content\/uploads\/2026\/04\/Du-im-Stadtrat-768x768.jpg\" class=\"post-thumbnail wp-post-image\" alt=\"Du im Stadtrat\" \/>\n\n\t\t\t\t\t\t\t<\/a>\n\t\t\t<\/div>\n\t\t\t\t\t<div class=\"p-45\">\n\t\t\t<header class=\"entry-header mb-2\">\n\t\t\t\t\t\t\t\t<h2 class=\"card-title h4 mb-3\"><a href=\"https:\/\/www.gruene-syke.de\/?p=3472\" rel=\"bookmark\">Du im Stadtrat<\/a><\/h2>\t\t\t\t\t<div class=\"entry-meta mb-3\">\n\t\t\t\t\t\t<span class=\"posted-on\"><time class=\"entry-date published\" datetime=\"2026-04-01T13:55:47+02:00\">1. April 2026<\/time><time class=\"updated\" datetime=\"2026-04-02T10:37:07+02:00\">2. April 2026<\/time><\/span>\t\t\t\t\t<\/div><!-- .entry-meta -->\n\t\t\t\t\t\t\t\t<\/header><!-- .entry-header -->\n\n\t\t\t<div class=\"entry-content\">\n\t\t\t\t<a href=\"https:\/\/www.gruene-syke.de\/?p=3472\" rel=\"bookmark\">\n\t\t\t\t<p>Syke gemeinsam gestalten: Deine Ideen f\u00fcr unseren Stadtrat! Klima und Artenvielfalt sch\u00fctzen, soziale Gerechtigkeit verbessern und die Zivilgesellschaft st\u00e4rken \u2013 direkt vor deiner Haust\u00fcr in Syke. Du hast Visionen f\u00fcr [&hellip;]<\/p>\n\t\t\t\t<\/a>\n\t\t\t<\/div><!-- .entry-content -->\n\n\t\t\t<footer class=\"entry-footer\">\n\t\t\t\t\t\t\t<div class=\"d-flex mt-2 mb-2\">\n\t\t\t\t\t\t\t\t<div>\n\t\t<span class=\"cat-links small\"><a href=\"https:\/\/www.gruene-syke.de\/?cat=2\" rel=\"category\">Ank\u00fcndigungen<\/a>, <a href=\"https:\/\/www.gruene-syke.de\/?cat=3\" rel=\"category\">Gr\u00fcn vor Ort<\/a>, <a href=\"https:\/\/www.gruene-syke.de\/?cat=123\" rel=\"category\">Kommunalwahl 2026<\/a>, <a href=\"https:\/\/www.gruene-syke.de\/?cat=4\" rel=\"category\">Ortsverband<\/a>, <a href=\"https:\/\/www.gruene-syke.de\/?cat=5\" rel=\"category\">Stadtrat Syke<\/a><\/span>\n\t\t\t\t<\/div>\n\t\t\t<\/div>\n\t\t\n\t\t\t\t<div class=\"d-flex flex-row-reverse\">\n\t\t\t\t\t<a href=\"https:\/\/www.gruene-syke.de\/?p=3472\" rel=\"bookmark\" class=\"continue-reading\">\n\t\t\t\t\tweiterlesen\t\t\t\t<\/a>\n\t\t\t\t<\/div>\n\t\t\t<\/footer><!-- .entry-footer -->\n\t\t<\/div>\n\t<\/div>\n<\/article><!-- #post-3472 -->\n<\/div><div class=\"col-md-6\">\n<article id=\"post-3462\" class=\"bg-white mb-4 has-shadow post-3462 post type-post status-publish format-standard has-post-thumbnail hentry category-gruen-vor-ort category-kommunalwahl-2026 category-internes\">\n\t<div class=\"\">\n\t\t\t\t\t<div class=\"\">\n\t\t\t\t<a href=\"https:\/\/www.gruene-syke.de\/?p=3462\" aria-label=\"Post Thumbnail\" rel=\"bookmark\">\n\t\t\t\t\t\t\t\t<img loading=\"lazy\" decoding=\"async\" width=\"768\" height=\"744\" src=\"https:\/\/www.gruene-syke.de\/wp-content\/uploads\/2026\/03\/Zitate-zum-Mitnehmen-768x744.jpg\" class=\"post-thumbnail wp-post-image\" alt=\"Aktion zum Weltfrauentag\" \/>\n\n\t\t\t\t\t\t\t<\/a>\n\t\t\t<\/div>\n\t\t\t\t\t<div class=\"p-45\">\n\t\t\t<header class=\"entry-header mb-2\">\n\t\t\t\t\t\t\t\t<h2 class=\"card-title h4 mb-3\"><a href=\"https:\/\/www.gruene-syke.de\/?p=3462\" rel=\"bookmark\">Aktion zum Weltfrauentag<\/a><\/h2>\t\t\t\t\t<div class=\"entry-meta mb-3\">\n\t\t\t\t\t\t<span class=\"posted-on\"><time class=\"entry-date published\" datetime=\"2026-03-09T14:42:38+01:00\">9. M\u00e4rz 2026<\/time><time class=\"updated\" datetime=\"2026-03-09T14:42:40+01:00\">9. M\u00e4rz 2026<\/time><\/span>\t\t\t\t\t<\/div><!-- .entry-meta -->\n\t\t\t\t\t\t\t\t<\/header><!-- .entry-header -->\n\n\t\t\t<div class=\"entry-content\">\n\t\t\t\t<a href=\"https:\/\/www.gruene-syke.de\/?p=3462\" rel=\"bookmark\">\n\t\t\t\t<p>Am 08.03. ist der Internationale Frauentag \u2013 und darauf haben wir mit unserer Aktion am07.03. aufmerksam gemacht. Wir verteilten Flyer, die auf die Ungleichheit derSitzverteilung in R\u00e4ten aufmerksam machen. Demnach [&hellip;]<\/p>\n\t\t\t\t<\/a>\n\t\t\t<\/div><!-- .entry-content -->\n\n\t\t\t<footer class=\"entry-footer\">\n\t\t\t\t\t\t\t<div class=\"d-flex mt-2 mb-2\">\n\t\t\t\t\t\t\t\t<div>\n\t\t<span class=\"cat-links small\"><a href=\"https:\/\/www.gruene-syke.de\/?cat=3\" rel=\"category\">Gr\u00fcn vor Ort<\/a>, <a href=\"https:\/\/www.gruene-syke.de\/?cat=123\" rel=\"category\">Kommunalwahl 2026<\/a>, <a href=\"https:\/\/www.gruene-syke.de\/?cat=4\" rel=\"category\">Ortsverband<\/a><\/span>\n\t\t\t\t<\/div>\n\t\t\t<\/div>\n\t\t\n\t\t\t\t<div class=\"d-flex flex-row-reverse\">\n\t\t\t\t\t<a href=\"https:\/\/www.gruene-syke.de\/?p=3462\" rel=\"bookmark\" class=\"continue-reading\">\n\t\t\t\t\tweiterlesen\t\t\t\t<\/a>\n\t\t\t\t<\/div>\n\t\t\t<\/footer><!-- .entry-footer -->\n\t\t<\/div>\n\t<\/div>\n<\/article><!-- #post-3462 -->\n<\/div><div class=\"col-md-6\">\n<article id=\"post-3430\" class=\"bg-white mb-4 has-shadow post-3430 post type-post status-publish format-standard has-post-thumbnail hentry category-gruen-vor-ort category-internes tag-syke\">\n\t<div class=\"\">\n\t\t\t\t\t<div class=\"\">\n\t\t\t\t<a href=\"https:\/\/www.gruene-syke.de\/?p=3430\" aria-label=\"Post Thumbnail\" rel=\"bookmark\">\n\t\t\t\t\t\t\t\t<img loading=\"lazy\" decoding=\"async\" width=\"768\" height=\"576\" src=\"https:\/\/www.gruene-syke.de\/wp-content\/uploads\/2026\/01\/IMG_2296-768x576.jpeg\" class=\"post-thumbnail wp-post-image\" alt=\"Gr\u00fcne Neujahrswanderung\" \/>\n\n\t\t\t\t\t\t\t<\/a>\n\t\t\t<\/div>\n\t\t\t\t\t<div class=\"p-45\">\n\t\t\t<header class=\"entry-header mb-2\">\n\t\t\t\t\t\t\t\t<h2 class=\"card-title h4 mb-3\"><a href=\"https:\/\/www.gruene-syke.de\/?p=3430\" rel=\"bookmark\">Gr\u00fcne Neujahrswanderung<\/a><\/h2>\t\t\t\t\t<div class=\"entry-meta mb-3\">\n\t\t\t\t\t\t<span class=\"posted-on\"><time class=\"entry-date published\" datetime=\"2026-01-12T16:10:40+01:00\">12. Januar 2026<\/time><time class=\"updated\" datetime=\"2026-01-12T16:10:41+01:00\">12. Januar 2026<\/time><\/span>\t\t\t\t\t<\/div><!-- .entry-meta -->\n\t\t\t\t\t\t\t\t<\/header><!-- .entry-header -->\n\n\t\t\t<div class=\"entry-content\">\n\t\t\t\t<a href=\"https:\/\/www.gruene-syke.de\/?p=3430\" rel=\"bookmark\">\n\t\t\t\t<p>Durch Barrierens verschneite Schneelandschaft f\u00fchrte die diesj\u00e4hrige Neujahrswanderung der Gr\u00fcnen &#8211; interessierte G\u00e4ste hatten sich angeschlossen. Bei winterlichen Temperaturen und sch\u00f6nem Sonnenschein trafen sich wanderfreudige Syker, um \u00fcber den Hohen [&hellip;]<\/p>\n\t\t\t\t<\/a>\n\t\t\t<\/div><!-- .entry-content -->\n\n\t\t\t<footer class=\"entry-footer\">\n\t\t\t\t\t\t\t<div class=\"d-flex mt-2 mb-2\">\n\t\t\t\t\t\t\t\t<div>\n\t\t<span class=\"cat-links small\"><a href=\"https:\/\/www.gruene-syke.de\/?cat=3\" rel=\"category\">Gr\u00fcn vor Ort<\/a>, <a href=\"https:\/\/www.gruene-syke.de\/?cat=4\" rel=\"category\">Ortsverband<\/a><\/span><br><span class=\"tags-links small\"><a href=\"https:\/\/www.gruene-syke.de\/?tag=syke\" rel=\"tag\">Syke<\/a><\/span>\n\t\t\t\t<\/div>\n\t\t\t<\/div>\n\t\t\n\t\t\t\t<div class=\"d-flex flex-row-reverse\">\n\t\t\t\t\t<a href=\"https:\/\/www.gruene-syke.de\/?p=3430\" rel=\"bookmark\" class=\"continue-reading\">\n\t\t\t\t\tweiterlesen\t\t\t\t<\/a>\n\t\t\t\t<\/div>\n\t\t\t<\/footer><!-- .entry-footer -->\n\t\t<\/div>\n\t<\/div>\n<\/article><!-- #post-3430 -->\n<\/div><div class=\"col-md-6\">\n<article id=\"post-3397\" class=\"bg-white mb-4 has-shadow post-3397 post type-post status-publish format-standard has-post-thumbnail hentry category-gruen-vor-ort\">\n\t<div class=\"\">\n\t\t\t\t\t<div class=\"\">\n\t\t\t\t<a href=\"https:\/\/www.gruene-syke.de\/?p=3397\" aria-label=\"Post Thumbnail\" rel=\"bookmark\">\n\t\t\t\t\t\t\t\t<img loading=\"lazy\" decoding=\"async\" width=\"640\" height=\"480\" src=\"https:\/\/www.gruene-syke.de\/wp-content\/uploads\/2025\/11\/Image-1.jpg\" class=\"post-thumbnail wp-post-image\" alt=\"Zum Gedenken an die Opfer des NS-Regimes\" \/>\n\n\t\t\t\t\t\t\t<\/a>\n\t\t\t<\/div>\n\t\t\t\t\t<div class=\"p-45\">\n\t\t\t<header class=\"entry-header mb-2\">\n\t\t\t\t\t\t\t\t<h2 class=\"card-title h4 mb-3\"><a href=\"https:\/\/www.gruene-syke.de\/?p=3397\" rel=\"bookmark\">Zum Gedenken an die Opfer des NS-Regimes<\/a><\/h2>\t\t\t\t\t<div class=\"entry-meta mb-3\">\n\t\t\t\t\t\t<span class=\"posted-on\"><time class=\"entry-date published\" datetime=\"2025-11-11T08:11:24+01:00\">11. November 2025<\/time><time class=\"updated\" datetime=\"2025-11-11T08:11:25+01:00\">11. November 2025<\/time><\/span>\t\t\t\t\t<\/div><!-- .entry-meta -->\n\t\t\t\t\t\t\t\t<\/header><!-- .entry-header -->\n\n\t\t\t<div class=\"entry-content\">\n\t\t\t\t<a href=\"https:\/\/www.gruene-syke.de\/?p=3397\" rel=\"bookmark\">\n\t\t\t\t<p>Eine bunte Gruppe Menschen kam gestern zusammen, um gemeinsam an die 21 Syker B\u00fcrgerinnen und B\u00fcrger j\u00fcdischen Glaubens zu erinnern, die deportiert und vertrieben wurden. An sieben Pl\u00e4tzen wurden Stolpersteine [&hellip;]<\/p>\n\t\t\t\t<\/a>\n\t\t\t<\/div><!-- .entry-content -->\n\n\t\t\t<footer class=\"entry-footer\">\n\t\t\t\t\t\t\t<div class=\"d-flex mt-2 mb-2\">\n\t\t\t\t\t\t\t\t<div>\n\t\t<span class=\"cat-links small\"><a href=\"https:\/\/www.gruene-syke.de\/?cat=3\" rel=\"category\">Gr\u00fcn vor Ort<\/a><\/span>\n\t\t\t\t<\/div>\n\t\t\t<\/div>\n\t\t\n\t\t\t\t<div class=\"d-flex flex-row-reverse\">\n\t\t\t\t\t<a href=\"https:\/\/www.gruene-syke.de\/?p=3397\" rel=\"bookmark\" class=\"continue-reading\">\n\t\t\t\t\tweiterlesen\t\t\t\t<\/a>\n\t\t\t\t<\/div>\n\t\t\t<\/footer><!-- .entry-footer -->\n\t\t<\/div>\n\t<\/div>\n<\/article><!-- #post-3397 -->\n<\/div><div class=\"col-md-6\">\n<article id=\"post-3391\" class=\"bg-white mb-4 has-shadow post-3391 post type-post status-publish format-standard has-post-thumbnail hentry category-ankuendigungen category-gruen-vor-ort category-internes\">\n\t<div class=\"\">\n\t\t\t\t\t<div class=\"\">\n\t\t\t\t<a href=\"https:\/\/www.gruene-syke.de\/?p=3391\" aria-label=\"Post Thumbnail\" rel=\"bookmark\">\n\t\t\t\t\t\t\t\t<img loading=\"lazy\" decoding=\"async\" width=\"768\" height=\"576\" src=\"https:\/\/www.gruene-syke.de\/wp-content\/uploads\/2025\/11\/Stolpersteine-768x576.jpg\" class=\"post-thumbnail wp-post-image\" alt=\"Gedenkveranstaltung zur Reichspogromnacht\" \/>\n\n\t\t\t\t\t\t\t<\/a>\n\t\t\t<\/div>\n\t\t\t\t\t<div class=\"p-45\">\n\t\t\t<header class=\"entry-header mb-2\">\n\t\t\t\t\t\t\t\t<h2 class=\"card-title h4 mb-3\"><a href=\"https:\/\/www.gruene-syke.de\/?p=3391\" rel=\"bookmark\">Gedenkveranstaltung zur Reichspogromnacht<\/a><\/h2>\t\t\t\t\t<div class=\"entry-meta mb-3\">\n\t\t\t\t\t\t<span class=\"posted-on\"><time class=\"entry-date published\" datetime=\"2025-11-05T11:19:32+01:00\">5. November 2025<\/time><time class=\"updated\" datetime=\"2025-11-05T11:20:40+01:00\">5. November 2025<\/time><\/span>\t\t\t\t\t<\/div><!-- .entry-meta -->\n\t\t\t\t\t\t\t\t<\/header><!-- .entry-header -->\n\n\t\t\t<div class=\"entry-content\">\n\t\t\t\t<a href=\"https:\/\/www.gruene-syke.de\/?p=3391\" rel=\"bookmark\">\n\t\t\t\t<p>Einladung zum Erinnerungsgang an den 9. November 1938 am Sonntag um 15.00 Uhr an derGedenkst\u00e4tte vor der Kirche am Rathausplatz B\u00fcndnis90\/Die Gr\u00fcnen laden zum Gedenkrundgang am 09. November anl\u00e4sslich derReichspogromnacht [&hellip;]<\/p>\n\t\t\t\t<\/a>\n\t\t\t<\/div><!-- .entry-content -->\n\n\t\t\t<footer class=\"entry-footer\">\n\t\t\t\t\t\t\t<div class=\"d-flex mt-2 mb-2\">\n\t\t\t\t\t\t\t\t<div>\n\t\t<span class=\"cat-links small\"><a href=\"https:\/\/www.gruene-syke.de\/?cat=2\" rel=\"category\">Ank\u00fcndigungen<\/a>, <a href=\"https:\/\/www.gruene-syke.de\/?cat=3\" rel=\"category\">Gr\u00fcn vor Ort<\/a>, <a href=\"https:\/\/www.gruene-syke.de\/?cat=4\" rel=\"category\">Ortsverband<\/a><\/span>\n\t\t\t\t<\/div>\n\t\t\t<\/div>\n\t\t\n\t\t\t\t<div class=\"d-flex flex-row-reverse\">\n\t\t\t\t\t<a href=\"https:\/\/www.gruene-syke.de\/?p=3391\" rel=\"bookmark\" class=\"continue-reading\">\n\t\t\t\t\tweiterlesen\t\t\t\t<\/a>\n\t\t\t\t<\/div>\n\t\t\t<\/footer><!-- .entry-footer -->\n\t\t<\/div>\n\t<\/div>\n<\/article><!-- #post-3391 -->\n<\/div><div class=\"col-md-6\">\n<article id=\"post-3382\" class=\"bg-white mb-4 has-shadow post-3382 post type-post status-publish format-standard has-post-thumbnail hentry category-ankuendigungen category-gruen-vor-ort category-internes category-stadtrat\">\n\t<div class=\"\">\n\t\t\t\t\t<div class=\"\">\n\t\t\t\t<a href=\"https:\/\/www.gruene-syke.de\/?p=3382\" aria-label=\"Post Thumbnail\" rel=\"bookmark\">\n\t\t\t\t\t\t\t\t<img loading=\"lazy\" decoding=\"async\" width=\"768\" height=\"1086\" src=\"https:\/\/www.gruene-syke.de\/wp-content\/uploads\/2025\/09\/image0-768x1086.png\" class=\"post-thumbnail wp-post-image\" alt=\"Syker Nachhaltigkeitswochen &#8211; Spielzeug Tauschparty\" \/>\n\n\t\t\t\t\t\t\t<\/a>\n\t\t\t<\/div>\n\t\t\t\t\t<div class=\"p-45\">\n\t\t\t<header class=\"entry-header mb-2\">\n\t\t\t\t\t\t\t\t<h2 class=\"card-title h4 mb-3\"><a href=\"https:\/\/www.gruene-syke.de\/?p=3382\" rel=\"bookmark\">Syker Nachhaltigkeitswochen &#8211; Spielzeug Tauschparty<\/a><\/h2>\t\t\t\t\t<div class=\"entry-meta mb-3\">\n\t\t\t\t\t\t<span class=\"posted-on\"><time class=\"entry-date published\" datetime=\"2025-09-14T11:33:19+02:00\">14. September 2025<\/time><time class=\"updated\" datetime=\"2025-09-14T11:35:47+02:00\">14. September 2025<\/time><\/span>\t\t\t\t\t<\/div><!-- .entry-meta -->\n\t\t\t\t\t\t\t\t<\/header><!-- .entry-header -->\n\n\t\t\t<div class=\"entry-content\">\n\t\t\t\t<a href=\"https:\/\/www.gruene-syke.de\/?p=3382\" rel=\"bookmark\">\n\t\t\t\t<p>Im Rahmen der Syker Nachhaltigkeitswochen laden wir alle herzlich zur Spielzeugtauschb\u00f6rse am 27.9. (Samstag) zwischen 10 und 12 Uhr in Wessels Hotel (Hauptstra\u00dfe 33) ein. Bringt bis zu 5 heile [&hellip;]<\/p>\n\t\t\t\t<\/a>\n\t\t\t<\/div><!-- .entry-content -->\n\n\t\t\t<footer class=\"entry-footer\">\n\t\t\t\t\t\t\t<div class=\"d-flex mt-2 mb-2\">\n\t\t\t\t\t\t\t\t<div>\n\t\t<span class=\"cat-links small\"><a href=\"https:\/\/www.gruene-syke.de\/?cat=2\" rel=\"category\">Ank\u00fcndigungen<\/a>, <a href=\"https:\/\/www.gruene-syke.de\/?cat=3\" rel=\"category\">Gr\u00fcn vor Ort<\/a>, <a href=\"https:\/\/www.gruene-syke.de\/?cat=4\" rel=\"category\">Ortsverband<\/a>, <a href=\"https:\/\/www.gruene-syke.de\/?cat=5\" rel=\"category\">Stadtrat Syke<\/a><\/span>\n\t\t\t\t<\/div>\n\t\t\t<\/div>\n\t\t\n\t\t\t\t<div class=\"d-flex flex-row-reverse\">\n\t\t\t\t\t<a href=\"https:\/\/www.gruene-syke.de\/?p=3382\" rel=\"bookmark\" class=\"continue-reading\">\n\t\t\t\t\tweiterlesen\t\t\t\t<\/a>\n\t\t\t\t<\/div>\n\t\t\t<\/footer><!-- .entry-footer -->\n\t\t<\/div>\n\t<\/div>\n<\/article><!-- #post-3382 -->\n<\/div>\n    <a class=\"text-white no-link d-block bg-primary has-green-550-hover-background-color border-radius\" href=\"https:\/\/www.gruene-syke.de\/?page_id=58\" rel=\"\">\n        <div class=\"p-45 row\">\n        <span class=\"continue-reading text-white text-center pt-0\">zum Blog-Archiv<\/span>\n        <\/div>\n    <\/a>\n<\/div><\/div><\/div>","protected":false},"excerpt":{"rendered":"<p>Willkommen bei den Syker Gr\u00fcnen Auf dieser Startseite (News) schreiben wir \u00fcber aktuelle Themen. Unseren Veranstaltungskalender findet ihr unter Termine, Informationen \u00fcber den Vorstand unseres Ortsverbands und unsere Vertreter*innen im [&hellip;]<\/p>\n","protected":false},"author":2,"featured_media":0,"parent":0,"menu_order":0,"comment_status":"closed","ping_status":"closed","template":"","meta":{"footnotes":""},"class_list":["post-33","page","type-page","status-publish","hentry"],"_links":{"self":[{"href":"https:\/\/www.gruene-syke.de\/index.php?rest_route=\/wp\/v2\/pages\/33","targetHints":{"allow":["GET"]}}],"collection":[{"href":"https:\/\/www.gruene-syke.de\/index.php?rest_route=\/wp\/v2\/pages"}],"about":[{"href":"https:\/\/www.gruene-syke.de\/index.php?rest_route=\/wp\/v2\/types\/page"}],"author":[{"embeddable":true,"href":"https:\/\/www.gruene-syke.de\/index.php?rest_route=\/wp\/v2\/users\/2"}],"replies":[{"embeddable":true,"href":"https:\/\/www.gruene-syke.de\/index.php?rest_route=%2Fwp%2Fv2%2Fcomments&post=33"}],"version-history":[{"count":60,"href":"https:\/\/www.gruene-syke.de\/index.php?rest_route=\/wp\/v2\/pages\/33\/revisions"}],"predecessor-version":[{"id":3437,"href":"https:\/\/www.gruene-syke.de\/index.php?rest_route=\/wp\/v2\/pages\/33\/revisions\/3437"}],"wp:attachment":[{"href":"https:\/\/www.gruene-syke.de\/index.php?rest_route=%2Fwp%2Fv2%2Fmedia&parent=33"}],"curies":[{"name":"wp","href":"https:\/\/api.w.org\/{rel}","templated":true}]}}