{"id":298,"date":"2019-08-05T11:29:54","date_gmt":"2019-08-05T09:29:54","guid":{"rendered":"https:\/\/www.gruene-syke.de\/?page_id=298"},"modified":"2019-08-05T12:21:27","modified_gmt":"2019-08-05T10:21:27","slug":"wahlprogramm-2016","status":"publish","type":"page","link":"https:\/\/www.gruene-syke.de\/?page_id=298","title":{"rendered":"Wahlprogramm 2016"},"content":{"rendered":"\n<p>Unseren <a href=\"https:\/\/www.gruene-syke.de\/wp-content\/uploads\/2019\/08\/Kommunalwahl-2016-unser-Flyer.pdf\">Flyer der Kommunalwahl 2016 herunterladen<\/a>!<\/p>\n\n\n\n<h2 class=\"wp-block-heading\"><strong>Energie und Klima<\/strong><\/h2>\n\n\n\n<p>Vor f\u00fcnf Jahren zeigte es die Reaktorkatastrophe von Fukushima: Atomkraft ist und bleibt eine Hochrisikotechnologie. Auch nach dem formal beschlossenen \u201eAtomausstieg\u201c laufen die hiesigen Atomkraftwerke unter veralteten Sicherheitsbestimmungen weiter. Seit unserer Gr\u00fcndung k\u00e4mpfen wir GR\u00dcNE f\u00fcr eine sichere Zukunft ohne Atomkraft und f\u00fcr eine echte Energiewende. Frei von Atom und Kohle, mit erneuerbarer Energie, die den Menschen und unserem Planeten Raum zum Durchatmen gibt. Wir m\u00fcssen weg von den fossilen Rohstoffen, die unsere Umwelt und unser Klima zerst\u00f6ren, deren Preise in den vergangenen Jahren stark gestiegen sind, und deren Preise in der Zukunft noch weiter steigen werden.<\/p>\n\n\n\n<p><strong>Strom lokal erzeugen und verbrauchen<\/strong><\/p>\n\n\n\n<p>Wir wollen saubere Energie f\u00fcr Syke \u2013 mit fairen Preisen und unter Beteiligung von B\u00fcrgerinnen und B\u00fcrgern!<br>Wir m\u00f6chten f\u00fcr unsere Stadt einen Strommarkt, der versorgungssicher, bezahlbar und \u2013 erneuerbar ist!<br>Darum sind wir GR\u00dcNE f\u00fcr die F\u00f6rderung von Solaranlagen und den moderaten Ausbau von Windkraft in der Region.<\/p>\n\n\n\n<p><strong>Unsere regionalen Handwerker*innen sind Fachleute f\u00fcr energetisches Sanieren und \u00f6kologisches Bauen.<\/strong><br>Syker B\u00fcrger und B\u00fcrgerinnen nutzen \u00d6kostrom oder investieren in Solaranlagen. Vielen Menschen in unserer Stadt ist es wichtig, ihren \u00f6kologischen Fu\u00dfabdruck zu verkleinern \u2013 also den Einfluss, den unser Konsum auf die Umwelt hat.<\/p>\n\n\n\n<p><strong>Wir GR\u00dcNE wollen die Energiewende in Syke voranbringen, die Kreislaufwirtschaft ankurbeln, Ressourcen schonen und Innovationen f\u00f6rdern!<\/strong><\/p>\n\n\n\n<p>Statt einer Einweg-Wirtschaft brauchen wir eine Kreislaufwirtschaft. Wir wollen Ressourcen schonen. So haben wir uns beispielsweise zum Ziel gemacht, die Anzahl ausgegebener Plastikt\u00fcten in Syke zugunsten von Stofftaschen zu reduzieren.<br> \u00a0<br>Das \u00f6konomisch wie \u00f6kologisch falsche Fracking (Gasf\u00f6rderung durch Einpressen von Chemikalien in den Boden) lehnen wir ab. Stattdessen wollen wir eine Schwerpunktlegung auf den Ausbau regenerativer Energien.<\/p>\n\n\n\n<p><strong>Schlie\u00dflich haben wir die Erde von unseren Kindern nur geborgt.<\/strong><\/p>\n\n\n\n<h2 class=\"wp-block-heading\"><strong>Integration<\/strong><\/h2>\n\n\n\n<p>Unser Handlungsauftrag lautet, gute Bedingungen f\u00fcr Integration zu schaffen. Dazu geh\u00f6ren ausreichend bezahlbare Wohnungen, gen\u00fcgend Lehrkr\u00e4fte und Sozialp\u00e4dagogen in den Schulen, Deutschkurse, sowie die Schaffung von mehr Arbeitsm\u00f6glichkeiten.<\/p>\n\n\n\n<p>Integration ist eine Aufgabe, die nicht nur Gefl\u00fcchtete betrifft, sondern all diejenigen, die in Deutschland an den Rand der Gesellschaft gedr\u00e4ngt werden. Wir fordern als B\u00fcndnis90\/Gr\u00fcne ein modernes Einwanderungsgesetz, das jenseits des Asylrechts klare Regeln f\u00fcr Menschen setzt, die aus anderen L\u00e4ndern zu uns kommen und hier ihre Chance auf Arbeit und Unabh\u00e4ngigkeit von staatlichen Leistungen suchen.<\/p>\n\n\n\n<p><strong>Mehr Geld f\u00fcr Integration und Inklusion<\/strong><\/p>\n\n\n\n<p>Die Gr\u00fcnen stehen f\u00fcr eine moderne, offene und vielf\u00e4ltige Gesellschaft. Eine Gesellschaft, an der jeder Mensch gleicherma\u00dfen Teil haben kann. Um dies weiter zu f\u00f6rdern, wollen wir die Position der Gleichstellungsbeauftragten st\u00e4rken und mehr Mittel zur Verf\u00fcgung stellen, um neben der Integration vor allem auch die Inklusion besser zu f\u00f6rdern.<\/p>\n\n\n\n<p><strong>Integration bedeutet heute mehr denn je auch Kommunikation<\/strong>.<\/p>\n\n\n\n<p>Wir wollen allen Menschen die M\u00f6glichkeit bieten, sich zu informieren, weiter zu bilden oder auch einfach nur mit ihren Freunden und Familien in Kontakt zu bleiben. Hierbei spielt das Internet in unserer Gesellschaft eine immer gr\u00f6\u00dfere Rolle:<br>Immer mehr Informationen sind ausschlie\u00dflich online verf\u00fcgbar &#8211; f\u00fcr viele Menschen bedeutet das, dass sie den Anschluss an das \u00f6ffentliche Leben verlieren. Wir m\u00f6chten allen Menschen einen barrierefreien Zugang zum Internet erm\u00f6glichen &#8211; unabh\u00e4ngig vom sozialen Status oder der Herkunft. Daher wollen wir das Gr\u00fcne das ehrenamtliche und nicht-kommerzielle Freifunkprojekt in Syke unterst\u00fctzen, welches einen kostenfreien und unbegrenzten Internetzugang f\u00fcr alle Menschen zur Verf\u00fcgung stellen will.<\/p>\n\n\n\n<p><strong>Wir unterst\u00fctzen die Forderung nach der Gesundheitskarte f\u00fcr Gefl\u00fcchtete<\/strong>.<\/p>\n\n\n\n<p>Die \u00e4rztliche Behandlung von Gefl\u00fcchteten sollte nicht an der B\u00fcrokratie scheitern. B\u00fcndnis90\/Die Gr\u00fcnen schlie\u00dft sich daher der Forderung nach einer Gesundheitskarte f\u00fcr gefl\u00fcchtete Menschen an, damit Verwaltungskosten eingespart und b\u00fcrokratische Barrieren f\u00fcr hilfsbed\u00fcrftige Menschen abgebaut werden.<br> \u00a0<br><strong> Wir st\u00e4rken das Ehrenamt.<\/strong><br> Das Ehrenamt ist eine wichtige S\u00e4ule unserer Gesellschaft. <br> Ob Feuerwehr, Sportverein oder als Helfer f\u00fcr Gefl\u00fcchtete &#8211; wir m\u00f6chten den Menschen, die sich freiwillig und unentgeltlich zum Wohle der Gesellschaft engagieren, unseren Dank aussprechen und zugleich auch mehr Menschen f\u00fcr das Ehrenamt begeistern. <\/p>\n\n\n\n<p><strong>Daher fordern wir eine St\u00e4rkung des Ehrenamtes und eine bessere Vernetzung der verschiedenen Vereine und Initiativen.<\/strong><\/p>\n\n\n\n<h2 class=\"wp-block-heading\"><strong>Kindergarten und Schulen<\/strong><\/h2>\n\n\n\n<p>Die Syker Gr\u00fcnen treten ein f\u00fcr eine p\u00e4dagogisch durchdachte und qualitativ hochwertige Betreuungs- und Bildungsarbeit in Syke.<\/p>\n\n\n\n<p><strong>Wir fordern f\u00fcr den Bereich der Kindertagesst\u00e4tten:<\/strong><\/p>\n\n\n\n<p>Eine kostenlose Betreuung f\u00fcr alle Kinder ab drei Jahre in der Zeit von 8.00 bis 13.00 Uhr. Weitere bedarfsgerechte Betreuung, die sich in einem Gesamtkonzept wiederfinden l\u00e4sst, d.h. nicht alle Einrichtungen m\u00fcssen alle Zeiten abdecken. Die Schlie\u00dfzeiten auf maximal drei Wochen im Jahr zu reduzieren, damit eine vertr\u00e4gliche Ferienbetreuung f\u00fcr Kinder und Eltern gew\u00e4hrleistet ist.<\/p>\n\n\n\n<p>Diese neu zu organisierende Betreuung f\u00fcr den Kindergartenbereich soll gepr\u00e4gt sein durch eine Altersbezogenheit d.h. Kontinuit\u00e4t der Bezugspersonen bei jungen Kindern und durch eine Interessenbezogenheit (z.B. Sprachcamps, Schwimmkurse, Abenteuertage)<\/p>\n\n\n\n<ul class=\"wp-block-list\"><li>Keine Provisorien mehr (Kindergarten, Hort), sondern eine zukunftsgerichtete Planung mit einem Gesamtkonzept, evtl. Neubau und Umbau von alter Bausubstanz.<\/li><li> Privatinitiativen zur Kinderbetreuung zu unterst\u00fctzen <\/li><li> Ein gesundes, regionales, \u00f6kologisches Mittagessen f\u00fcr alle Kindergartenkinder <\/li><li> Einrichtung eines Qualit\u00e4tsmanagement, das sich mit Fortbildung, Personalentwicklung und p\u00e4dagogischer Schwerpunktbildung auseinandersetzt.<\/li><\/ul>\n\n\n\n<p><strong> F\u00fcr den Bereich der Schule sehen unsere Vorstellungen wie folgt aus:<\/strong><\/p>\n\n\n\n<p> Das Halbtagsschulkonzept ist nicht mehr zeitgem\u00e4\u00df. Die Bildungs- und Betreuungsbedarfe \u00fcbersteigen den Vormittag. Eine zukunftsgerichtete, qualitative Arbeit kann nur in einem Ganztagskonzept umgesetzt werden.<\/p>\n\n\n\n<p><strong>Darum fordern wir die Einf\u00fchrung eines Ganztagskonzepts in allen drei Syke Grundschulen; Erfahrungswerte dazu gibt es aus anderen St\u00e4dten und Gemeinden.<\/strong><\/p>\n\n\n\n<p>Wir w\u00fcnschen uns eine intensive Zusammenarbeit der drei Syker Grundschulen.<\/p>\n\n\n\n<p>Wir f\u00f6rdern eine Weiterentwicklung der Ganztagsschule an der Ferdinand-Salfer-Stra\u00dfe zu einer Integrierten Gesamtschule.<\/p>\n\n\n\n<p><strong>Auch f\u00fcr die Sch\u00fcler setzen wir uns f\u00fcr ein gesundes, regionales, \u00f6kologisches Mittagessen ein.<\/strong><\/p>\n\n\n\n<h2 class=\"wp-block-heading\"> <strong>Kultur und Regionales<\/strong><\/h2>\n\n\n\n<p>Die N\u00e4he zu Bremen versetzt uns Syker in die gl\u00fcckliche Lage, dass wir hier alle Angebote, die \u00fcber eine Grundversorgung vor Ort hinausgehen, vorfinden.<\/p>\n\n\n\n<p>Diese Chancen wollen wir GR\u00dcNE weiter entwickeln und uns gleichzeitig auch als Regionalversorger und mit Angeboten zur Naherholung noch besser einbringen. Hierzu gilt es, die Region (Metropolregion, Kommunalverbund, Zusammenarbeit der betroffenen St\u00e4dte und Gemeinden) weiter zu vernetzen und die Verwaltungsstrukturen dem gemeinsamen Lebensraum anzupassen.<\/p>\n\n\n\n<p>Die touristischen und kulturellen Angebote in der Stadt sollen in Absprache mit den Nachbarkommunen erfolgen, damit jede Gemeinde Marken setzen kann und Syke f\u00fcr bestimmte pr\u00e4gnante Angebote bekannt wird. Das hei\u00dft, die regionalen Kulturinitiativen, von denen es gl\u00fccklicherweise einige in Syke gibt, werden langfristig und planbar unterst\u00fctzt und \u00f6ffentliche Geb\u00e4ude (auch Schulen) zur Nutzung zur Verf\u00fcgung gestellt. Die Vernetzung und Eigenst\u00e4ndigkeit soll durch einen Eigenbetrieb Kultur gef\u00f6rdert. Der Eigenbetrieb erh\u00e4lt einen Etat, aus dem er sowohl die Unterst\u00fctzung der Initiativen als auch eigene Angebote finanziert. Erg\u00e4nzt werden sollen die schon vorhandenen Angebote der Stadt durch kulturelle Angebote f\u00fcr bestimmte Zielgruppen wie z.B. Jugendliche und durch interkulturelle und auch experimentelle Angebote.<\/p>\n\n\n\n<p>Ebenso ist es wichtig, die Besonderheiten der Ortschaft im Hinblick auf die Naherholungs- und Lebensqualit\u00e4t vor Ort zu bewahren bzw. zu f\u00f6rdern. Hierzu geh\u00f6rt die F\u00f6rderung der Vielfalt von Kunst und Kultur, auch interkultureller Ansatz und Initiativen, die Pflege traditioneller Kultur, von Brauchtum, der Denkmalpflege und die Erhaltung ortsbildpr\u00e4gender Geb\u00e4ude.<\/p>\n\n\n\n<h2 class=\"wp-block-heading\"><strong>Mobilit\u00e4t<\/strong><\/h2>\n\n\n\n<p>Wir fordern ein modernes und nachhaltiges Verkehrskonzept f\u00fcr Syke und die Region, um L\u00e4rm und Abgase zu reduzieren und vor allem schw\u00e4chere Verkehrsteilnehmer*innen besser zu sch\u00fctzen.<\/p>\n\n\n\n<p>Hierzu wollen wir insbesondere auch den Radverkehr sicherer und einfacher machen, indem marode Rad-\/Gehwege instandgesetzt oder durch Alternativen wie Schutzstreifen auf der Fahrbahn ersetzt werden.<\/p>\n\n\n\n<p>Auch fordern wir Ma\u00dfnahmen aus dem L\u00e4rmaktionsplan f\u00fcr Syke umzusetzen, z.B. die Verlagerung des Schwerlastverkehrs oder Geschwindigkeitsbegrenzungen f\u00fcr den\u00a0Kfz-Verkehr.<\/p>\n\n\n\n<p><strong>Wir sagen Nein zur Umgehungsstra\u00dfe der B6.<\/strong><\/p>\n\n\n\n<p>Mit dem Bau w\u00fcrde kaum Verkehrsentlastung der Kernstadt erreicht, aber viel Natur zerst\u00f6rt. Eine Umgehungsstra\u00dfe w\u00fcrde das Verkehrsproblem lediglich in die umliegenden Ortschaften verlagern. Zudem w\u00fcrde Syke als Wirtschaftsstandort geschw\u00e4cht, Arbeitspl\u00e4tze w\u00fcrden abgebaut werden.<\/p>\n\n\n\n<p><strong>Klare Regeln statt Schilderwald<\/strong><\/p>\n\n\n\n<p>Das bestehende Schilderchaos f\u00fcr Radfahrende und Fu\u00dfg\u00e4ngerinnen wollen wir beseitigen, indem missverst\u00e4ndliche oder unzul\u00e4ssige Schilderkombinationen entfernt oder durch einfachere Regeln ersetzt werden. Ein einheitliches und den aktuellen Ma\u00dfgaben des Landes entsprechendes Schildersystem soll das &#8222;kreuz und quer&#8220;-Fahren in Syke beenden und f\u00fcr mehr Sicherheit sorgen.<\/p>\n\n\n\n<p><strong>Syke &#8211; da will ich hin<\/strong><\/p>\n\n\n\n<p>Wir m\u00f6chten Syke als touristisches Ziel in der Region s\u00fcdlich von Bremen st\u00e4rken. Gemeinsam mit den Nachbarkommunen soll ein attraktives Radverkehrsnetz von, durch und nach Syke entstehen und so Radtouristinnen aus der ganzen Region in unsere sch\u00f6ne Stadt im Gr\u00fcnen locken.<\/p>\n\n\n\n<p><strong>Eine lebendige Innenstadt schaffen<\/strong><\/p>\n\n\n\n<p>Als Gr\u00fcne m\u00f6chten wir eine lebendige und attraktive Innenstadt schaffen, die als Mittelpunkt des sozialen Miteinanders Menschen und Generationen verbindet. <\/p>\n\n\n\n<p>Die Hauptstra\u00dfe soll ein Ort der Begegnung und Entspannung sein &#8211; daher m\u00f6chten wir \u00fcber alternative Konzepte zur Verkehrsberuhigung diskutieren. Hierzu m\u00f6chten wir ein breites Netz an Fahrradstra\u00dfen schaffen, um Schulwege sicherer und den Radverkehr attraktiver zu machen.<\/p>\n\n\n\n<p>Wir wollen Fu\u00dfg\u00e4ngerinnen und Radfahrenden mehr Raum und Sicherheit in unserer sch\u00f6nen Stadt bieten. Radexpressrouten statt Blechlawinen Statt immer breiterer Stra\u00dfen f\u00fcr immer gr\u00f6\u00dfere PKW, m\u00f6chten wir das Fahrrad als Verkehrsmittel auch f\u00fcr Pendlerinnen attraktiver machen. Deswegen soll eine Radexpressroute nach Bremen ein schnelles und sicheres Pendeln mit dem Rad erm\u00f6glichen.<\/p>\n\n\n\n<p><strong>\u00d6PNV st\u00e4rken, Menschen verbinden<\/strong><\/p>\n\n\n\n<p>Wir wollen den B\u00fcrgerbus st\u00e4rker f\u00f6rdern, um mehr Menschen die Nutzung des \u00d6PNV zu erm\u00f6glichen. Durch die Installation von sogenannten Mitnahmeb\u00e4nken m\u00f6chten wir Menschen dazu ermutigen, gemeinsam mit anderen zu reisen.<\/p>\n\n\n\n<h2 class=\"wp-block-heading\"><strong>Ok\u00f6logie und Natur<\/strong><\/h2>\n\n\n\n<p>Syke ist eine lebens- und liebenswerte Stadt im l\u00e4ndlichen Raum. Wir Gr\u00fcne wollen die Lebensqualit\u00e4t und regionale Wirtschaft st\u00e4rken sowie Umwelt und Kulturlandschaften sch\u00fctzen. Wir machen gr\u00fcne Politik f\u00fcr den l\u00e4ndlichen Raum, damit sich die Menschen auch in Zukunft auf dem Land zu Hause f\u00fchlen.  Intakte B\u00f6den, sauberes Wasser, reine Luft und Artenvielfalt bei einheimischen Tieren und Pflanzen sind Grundvoraussetzungen f\u00fcr ein gesundes Leben und zukunftsf\u00e4higes Wirtschaften in Syke.<\/p>\n\n\n\n<p><strong>Landwirtschaft und Agrarwende<\/strong><\/p>\n\n\n\n<p>Wir wollen gentechnikfreie Landwirtschaft und keine gentechnisch ver\u00e4nderte Zutaten in unserem Essen. Glyphosat steht im Verdacht, krebserregend zu sein, deshalb geh\u00f6rt es weder auf die Felder noch in unser Essen!<\/p>\n\n\n\n<p>Wir unterst\u00fctzen die B\u00e4uerinnen und Bauern, die mit ihren hochwertigen regionalen Lebensmitteln Genuss und Nachhaltigkeit verbinden und unsere Kulturlandschaft erhalten. Wir unterst\u00fctzen den \u00d6kolandbau und setzen uns f\u00fcr bessere Bedingungen in der Tierhaltung ein. Darum wollen wir f\u00fcr Syke den Nitratanfall aus der Landwirtschaft verringern durch Reduzierung von Tierzahlen und des Maiseinsatzes in Biogasanlagen.<\/p>\n\n\n\n<p><strong>Wasserschutz<\/strong><\/p>\n\n\n\n<p>Unsere Gew\u00e4sserqualit\u00e4t ist schlecht, wie zahlreiche Untersuchungen best\u00e4tigen. Die Probleme und Risiken des angestiegenen Pestizideinsatzes in der Landwirtschaft und der Belastung unseres Grundwassers und der Oberfl\u00e4chengew\u00e4sser durch Antibiotika, Nitrate und Phosphate ist insbesondere in l\u00e4ndlichen Regionen wie Syke ein gro\u00dfes Problem.<\/p>\n\n\n\n<p><strong>Wir wollen unbelastetes Trinkwasser f\u00fcr uns und unsere Kinder!<\/strong><\/p>\n\n\n\n<p>Wir fordern darum die Verbesserung der Gew\u00e4sserqualit\u00e4t durch verst\u00e4rkte Kontrollen der Gew\u00e4sserschutzstreifen und durch Renaturierungsma\u00dfnahmen von Flie\u00dfgew\u00e4ssern.<\/p>\n\n\n\n<p><strong>Naturschutz<\/strong><\/p>\n\n\n\n<p>Es summt und brummt in der Stadt und auf dem Land. Wir Gr\u00fcne wollen die \u00f6kologische Vielfalt Syke\u00b4s bewahren. Jeder hat schon vom alarmierenden \u201eBienensterben\u201c geh\u00f6rt. Wir wollen der Natur in Syke ein kleines St\u00fcck zur\u00fcckgeben.<br> \u00a0<br><strong> Darum machen wir uns in Syke stark f\u00fcr&#8230;<\/strong><\/p>\n\n\n\n<ul class=\"wp-block-list\"><li>eine \u00f6kologische Bauleitplanung <\/li><li> Bl\u00fchstreifen an kommunalen Wegen. <\/li><li> F\u00f6rderung von Heckenbepflanzung an \u00c4ckern <\/li><li> St\u00e4rkung des Naturschutzes \u201eim Kleinen\u201c, zum Beispiel durch Begrenzung von Fl\u00e4chenversiegelung. <\/li><\/ul>\n\n\n\n<p class=\"has-medium-font-size\"><strong>\u00d6kologische Politik ist f\u00fcr uns Gr\u00fcne seit unserer Gr\u00fcndung ein Herzensthema!<\/strong><\/p>\n","protected":false},"excerpt":{"rendered":"<p>Unseren Flyer der Kommunalwahl 2016 herunterladen! Energie und Klima Vor f\u00fcnf Jahren zeigte es die Reaktorkatastrophe von Fukushima: Atomkraft ist und bleibt eine Hochrisikotechnologie. Auch nach dem formal beschlossenen \u201eAtomausstieg\u201c [&hellip;]<\/p>\n","protected":false},"author":3,"featured_media":0,"parent":290,"menu_order":0,"comment_status":"closed","ping_status":"closed","template":"","meta":{"footnotes":""},"class_list":["post-298","page","type-page","status-publish","hentry"],"_links":{"self":[{"href":"https:\/\/www.gruene-syke.de\/index.php?rest_route=\/wp\/v2\/pages\/298","targetHints":{"allow":["GET"]}}],"collection":[{"href":"https:\/\/www.gruene-syke.de\/index.php?rest_route=\/wp\/v2\/pages"}],"about":[{"href":"https:\/\/www.gruene-syke.de\/index.php?rest_route=\/wp\/v2\/types\/page"}],"author":[{"embeddable":true,"href":"https:\/\/www.gruene-syke.de\/index.php?rest_route=\/wp\/v2\/users\/3"}],"replies":[{"embeddable":true,"href":"https:\/\/www.gruene-syke.de\/index.php?rest_route=%2Fwp%2Fv2%2Fcomments&post=298"}],"version-history":[{"count":15,"href":"https:\/\/www.gruene-syke.de\/index.php?rest_route=\/wp\/v2\/pages\/298\/revisions"}],"predecessor-version":[{"id":333,"href":"https:\/\/www.gruene-syke.de\/index.php?rest_route=\/wp\/v2\/pages\/298\/revisions\/333"}],"up":[{"embeddable":true,"href":"https:\/\/www.gruene-syke.de\/index.php?rest_route=\/wp\/v2\/pages\/290"}],"wp:attachment":[{"href":"https:\/\/www.gruene-syke.de\/index.php?rest_route=%2Fwp%2Fv2%2Fmedia&parent=298"}],"curies":[{"name":"wp","href":"https:\/\/api.w.org\/{rel}","templated":true}]}}