{"id":2636,"date":"2022-07-17T17:53:59","date_gmt":"2022-07-17T15:53:59","guid":{"rendered":"https:\/\/www.gruene-syke.de\/?page_id=2636"},"modified":"2026-02-24T11:07:39","modified_gmt":"2026-02-24T10:07:39","slug":"landtagswahl-nds-2022","status":"publish","type":"page","link":"https:\/\/www.gruene-syke.de\/?page_id=2636","title":{"rendered":"Landtagswahl Niedersachsen 2022"},"content":{"rendered":"\n<p>Am 9. Oktober 2022 wird der nieders\u00e4chsische Landtag neu gew\u00e4hlt. <\/p>\n\n\n\n<p>Das gr\u00fcne Wahlprogramm zur Landtagswahl 2022 k\u00f6nnt ihr <a href=\"https:\/\/www.gruene-syke.de\/wp-content\/uploads\/2022\/08\/Wahlprogramm_A5_2022_web.pdf\">hier<\/a> herunterladen (PDF, 1,6 MB).<\/p>\n\n\n\n<p>Unsere gr\u00fcne Direktkandidatin f\u00fcr den Wahlkreis 40 (Syke, Stuhr, Weyhe, Bassum) ist Tu\u011fba B\u0131y\u0131kl\u0131-Wiesemann aus Weyhe.<\/p>\n\n\n\n<p>Alle Infos zu ihrer Person, ihren Themen und aktuellen Terminen gibt es auf Tu\u011fbas Website: <a href=\"https:\/\/tugba-gruene.de\/\">tugba-gruene.de<\/a><\/p>\n\n\n\n<figure class=\"wp-block-image size-full\"><img loading=\"lazy\" decoding=\"async\" width=\"300\" height=\"389\" src=\"https:\/\/www.gruene-syke.de\/wp-content\/uploads\/2022\/07\/csm_TUGBA_LANDTAG__frei_2022_35eb3b1540.jpg\" alt=\"\" class=\"wp-image-2638\"\/><figcaption>Tu\u011fba B\u0131y\u0131kl\u0131-Wiesemann<\/figcaption><\/figure>\n","protected":false},"excerpt":{"rendered":"<p>Am 9. Oktober 2022 wird der nieders\u00e4chsische Landtag neu gew\u00e4hlt. Das gr\u00fcne Wahlprogramm zur Landtagswahl 2022 k\u00f6nnt ihr hier herunterladen (PDF, 1,6 MB). Unsere gr\u00fcne Direktkandidatin f\u00fcr den Wahlkreis 40 [&hellip;]<\/p>\n","protected":false},"author":9,"featured_media":2648,"parent":290,"menu_order":0,"comment_status":"closed","ping_status":"closed","template":"","meta":{"footnotes":""},"class_list":["post-2636","page","type-page","status-publish","has-post-thumbnail","hentry"],"_links":{"self":[{"href":"https:\/\/www.gruene-syke.de\/index.php?rest_route=\/wp\/v2\/pages\/2636","targetHints":{"allow":["GET"]}}],"collection":[{"href":"https:\/\/www.gruene-syke.de\/index.php?rest_route=\/wp\/v2\/pages"}],"about":[{"href":"https:\/\/www.gruene-syke.de\/index.php?rest_route=\/wp\/v2\/types\/page"}],"author":[{"embeddable":true,"href":"https:\/\/www.gruene-syke.de\/index.php?rest_route=\/wp\/v2\/users\/9"}],"replies":[{"embeddable":true,"href":"https:\/\/www.gruene-syke.de\/index.php?rest_route=%2Fwp%2Fv2%2Fcomments&post=2636"}],"version-history":[{"count":11,"href":"https:\/\/www.gruene-syke.de\/index.php?rest_route=\/wp\/v2\/pages\/2636\/revisions"}],"predecessor-version":[{"id":2692,"href":"https:\/\/www.gruene-syke.de\/index.php?rest_route=\/wp\/v2\/pages\/2636\/revisions\/2692"}],"up":[{"embeddable":true,"href":"https:\/\/www.gruene-syke.de\/index.php?rest_route=\/wp\/v2\/pages\/290"}],"wp:featuredmedia":[{"embeddable":true,"href":"https:\/\/www.gruene-syke.de\/index.php?rest_route=\/wp\/v2\/media\/2648"}],"wp:attachment":[{"href":"https:\/\/www.gruene-syke.de\/index.php?rest_route=%2Fwp%2Fv2%2Fmedia&parent=2636"}],"curies":[{"name":"wp","href":"https:\/\/api.w.org\/{rel}","templated":true}]}}