{"id":1369,"date":"2021-07-31T17:19:03","date_gmt":"2021-07-31T15:19:03","guid":{"rendered":"https:\/\/www.gruene-syke.de\/?page_id=1369"},"modified":"2021-08-13T14:25:26","modified_gmt":"2021-08-13T12:25:26","slug":"kandidatinnen","status":"publish","type":"page","link":"https:\/\/www.gruene-syke.de\/?page_id=1369","title":{"rendered":"Kandidat*innen &#8211; Stadtrat"},"content":{"rendered":"\n<p>F\u00fcr die Ortsrats-Kandidat*innen gibt es eine eigene Seite: <a rel=\"noreferrer noopener\" href=\"https:\/\/www.gruene-syke.de\/?page_id=1371\" target=\"_blank\">Kandidat*innen &#8211; Ortsr\u00e4te<\/a>.<br><br><strong>F\u00fcr mehr Infos zu den Kandidat*innen bitte auf das Bild der Person klicken oder tippen.<\/strong><\/p>\n\n\n\n<figure class=\"wp-block-gallery columns-2 is-cropped\"><ul class=\"blocks-gallery-grid\">\n\n<li class=\"blocks-gallery-item\"><figure><a href=\"https:\/\/www.gruene-syke.de\/?p=1448\/#brita-thiele1\" target=\"_self\" rel=\"noopener\"><img loading=\"lazy\" decoding=\"async\" width=\"400\" height=\"533\" src=\"https:\/\/www.gruene-syke.de\/wp-content\/uploads\/2021\/08\/Inga-Brita-Thiele-400x533.jpg\" alt=\"\" data-id=\"1567\" data-link=\"https:\/\/www.gruene-syke.de\/?attachment_id=1567\" class=\"wp-image-1567\" srcset=\"https:\/\/www.gruene-syke.de\/wp-content\/uploads\/2021\/08\/Inga-Brita-Thiele-400x533.jpg 400w, https:\/\/www.gruene-syke.de\/wp-content\/uploads\/2021\/08\/Inga-Brita-Thiele-800x1067.jpg 800w, https:\/\/www.gruene-syke.de\/wp-content\/uploads\/2021\/08\/Inga-Brita-Thiele-768x1024.jpg 768w, https:\/\/www.gruene-syke.de\/wp-content\/uploads\/2021\/08\/Inga-Brita-Thiele-1152x1536.jpg 1152w, https:\/\/www.gruene-syke.de\/wp-content\/uploads\/2021\/08\/Inga-Brita-Thiele-1536x2048.jpg 1536w, https:\/\/www.gruene-syke.de\/wp-content\/uploads\/2021\/08\/Inga-Brita-Thiele-112x150.jpg 112w, https:\/\/www.gruene-syke.de\/wp-content\/uploads\/2021\/08\/Inga-Brita-Thiele-scaled.jpg 1920w\" sizes=\"auto, (max-width: 400px) 100vw, 400px\" \/><figcaption class=\"blocks-gallery-item__caption\"><p style=\"font-size:120%\"><a href=\"https:\/\/www.gruene-syke.de\/?p=1448\/#brita-thiele1\"><strong><span class=\"has-inline-color has-white-color\">Inga-Brita Thiele<\/span><\/strong><\/a><\/p><\/figcaption><\/figure><\/li>\n\n<li class=\"blocks-gallery-item\"><figure><a href=\"https:\/\/www.gruene-syke.de\/?p=1448\/#nils-brickwedel1\" target=\"_self\" rel=\"noopener\"><img loading=\"lazy\" decoding=\"async\" width=\"400\" height=\"533\" src=\"https:\/\/www.gruene-syke.de\/wp-content\/uploads\/2021\/08\/Nils-Brickwedel-400x533.jpg\" alt=\"\" data-id=\"1575\" data-link=\"https:\/\/www.gruene-syke.de\/?attachment_id=1575\" class=\"wp-image-1575\" srcset=\"https:\/\/www.gruene-syke.de\/wp-content\/uploads\/2021\/08\/Nils-Brickwedel-400x533.jpg 400w, https:\/\/www.gruene-syke.de\/wp-content\/uploads\/2021\/08\/Nils-Brickwedel-800x1067.jpg 800w, https:\/\/www.gruene-syke.de\/wp-content\/uploads\/2021\/08\/Nils-Brickwedel-768x1024.jpg 768w, https:\/\/www.gruene-syke.de\/wp-content\/uploads\/2021\/08\/Nils-Brickwedel-1152x1536.jpg 1152w, https:\/\/www.gruene-syke.de\/wp-content\/uploads\/2021\/08\/Nils-Brickwedel-1536x2048.jpg 1536w, https:\/\/www.gruene-syke.de\/wp-content\/uploads\/2021\/08\/Nils-Brickwedel-112x150.jpg 112w, https:\/\/www.gruene-syke.de\/wp-content\/uploads\/2021\/08\/Nils-Brickwedel-scaled.jpg 1920w\" sizes=\"auto, (max-width: 400px) 100vw, 400px\" \/><figcaption class=\"blocks-gallery-item__caption\"><p style=\"font-size:120%\"><a href=\"https:\/\/www.gruene-syke.de\/?p=1448\/#nils-brickwedel1\"><strong><span class=\"has-inline-color has-white-color\">Nils Brickwedel<\/span><\/strong><\/a><\/p><\/figcaption><\/figure><\/li>\n\n<li class=\"blocks-gallery-item\"><figure><a href=\"https:\/\/www.gruene-syke.de\/?p=1448\/#jana-osmer1\" target=\"_self\" rel=\"noopener\"><img loading=\"lazy\" decoding=\"async\" width=\"400\" height=\"533\" src=\"https:\/\/www.gruene-syke.de\/wp-content\/uploads\/2021\/08\/Jana-Osmer-400x533.jpg\" alt=\"\" data-id=\"1568\" data-link=\"https:\/\/www.gruene-syke.de\/?attachment_id=1568\" class=\"wp-image-1568\" srcset=\"https:\/\/www.gruene-syke.de\/wp-content\/uploads\/2021\/08\/Jana-Osmer-400x533.jpg 400w, https:\/\/www.gruene-syke.de\/wp-content\/uploads\/2021\/08\/Jana-Osmer-800x1067.jpg 800w, https:\/\/www.gruene-syke.de\/wp-content\/uploads\/2021\/08\/Jana-Osmer-768x1024.jpg 768w, https:\/\/www.gruene-syke.de\/wp-content\/uploads\/2021\/08\/Jana-Osmer-1152x1536.jpg 1152w, https:\/\/www.gruene-syke.de\/wp-content\/uploads\/2021\/08\/Jana-Osmer-1536x2048.jpg 1536w, https:\/\/www.gruene-syke.de\/wp-content\/uploads\/2021\/08\/Jana-Osmer-113x150.jpg 113w, https:\/\/www.gruene-syke.de\/wp-content\/uploads\/2021\/08\/Jana-Osmer-scaled.jpg 1920w\" sizes=\"auto, (max-width: 400px) 100vw, 400px\" \/><figcaption class=\"blocks-gallery-item__caption\"><p style=\"font-size:120%\"><a href=\"https:\/\/www.gruene-syke.de\/?p=1448\/#jana-osmer1\"><strong><span class=\"has-inline-color has-white-color\">Jana Osmer<\/span><\/strong><\/a><\/p><\/figcaption><\/figure><\/li>\n\n<li class=\"blocks-gallery-item\"><figure><a href=\"https:\/\/www.gruene-syke.de\/?p=1549\/#carsten-eisen1\" target=\"_self\" rel=\"noopener\"><img loading=\"lazy\" decoding=\"async\" width=\"400\" height=\"533\" src=\"https:\/\/www.gruene-syke.de\/wp-content\/uploads\/2021\/08\/Carsten-Eisen-400x533.jpg\" alt=\"\" data-id=\"1560\" data-link=\"https:\/\/www.gruene-syke.de\/?attachment_id=1560\" class=\"wp-image-1560\" srcset=\"https:\/\/www.gruene-syke.de\/wp-content\/uploads\/2021\/08\/Carsten-Eisen-400x533.jpg 400w, https:\/\/www.gruene-syke.de\/wp-content\/uploads\/2021\/08\/Carsten-Eisen-800x1067.jpg 800w, https:\/\/www.gruene-syke.de\/wp-content\/uploads\/2021\/08\/Carsten-Eisen-768x1024.jpg 768w, https:\/\/www.gruene-syke.de\/wp-content\/uploads\/2021\/08\/Carsten-Eisen-1152x1536.jpg 1152w, https:\/\/www.gruene-syke.de\/wp-content\/uploads\/2021\/08\/Carsten-Eisen-1536x2048.jpg 1536w, https:\/\/www.gruene-syke.de\/wp-content\/uploads\/2021\/08\/Carsten-Eisen-113x150.jpg 113w, https:\/\/www.gruene-syke.de\/wp-content\/uploads\/2021\/08\/Carsten-Eisen-scaled.jpg 1920w\" sizes=\"auto, (max-width: 400px) 100vw, 400px\" \/><figcaption class=\"blocks-gallery-item__caption\"><p style=\"font-size:120%\"><a href=\"https:\/\/www.gruene-syke.de\/?p=1549\/#carsten-eisen1\"><strong><span class=\"has-inline-color has-white-color\">Carsten Eisen<\/span><\/strong><\/a><\/p><\/figcaption><\/figure><\/li>\n\n<li class=\"blocks-gallery-item\"><figure><a href=\"https:\/\/www.gruene-syke.de\/?p=1549\/#mandy-hayen1\" target=\"_self\" rel=\"noopener\"><img loading=\"lazy\" decoding=\"async\" width=\"400\" height=\"533\" src=\"https:\/\/www.gruene-syke.de\/wp-content\/uploads\/2021\/08\/Mandy-Hayen-400x533.jpg\" alt=\"\" data-id=\"1573\" data-link=\"https:\/\/www.gruene-syke.de\/?attachment_id=1573\" class=\"wp-image-1573\" srcset=\"https:\/\/www.gruene-syke.de\/wp-content\/uploads\/2021\/08\/Mandy-Hayen-400x533.jpg 400w, https:\/\/www.gruene-syke.de\/wp-content\/uploads\/2021\/08\/Mandy-Hayen-800x1066.jpg 800w, https:\/\/www.gruene-syke.de\/wp-content\/uploads\/2021\/08\/Mandy-Hayen-768x1024.jpg 768w, https:\/\/www.gruene-syke.de\/wp-content\/uploads\/2021\/08\/Mandy-Hayen-1152x1536.jpg 1152w, https:\/\/www.gruene-syke.de\/wp-content\/uploads\/2021\/08\/Mandy-Hayen-1536x2048.jpg 1536w, https:\/\/www.gruene-syke.de\/wp-content\/uploads\/2021\/08\/Mandy-Hayen-113x150.jpg 113w, https:\/\/www.gruene-syke.de\/wp-content\/uploads\/2021\/08\/Mandy-Hayen-scaled.jpg 1920w\" sizes=\"auto, (max-width: 400px) 100vw, 400px\" \/><figcaption class=\"blocks-gallery-item__caption\"><p style=\"font-size:120%\"><a href=\"https:\/\/www.gruene-syke.de\/?p=1549\/#mandy-hayen1\"><strong><span class=\"has-inline-color has-white-color\">Mandy Hayen<\/span><\/strong><\/a><\/p><\/figcaption><\/figure><\/li>\n\n<li class=\"blocks-gallery-item\"><figure><a href=\"https:\/\/www.gruene-syke.de\/?p=1549\/#henning-greve1\" target=\"_self\" rel=\"noopener\"><img loading=\"lazy\" decoding=\"async\" width=\"400\" height=\"533\" src=\"https:\/\/www.gruene-syke.de\/wp-content\/uploads\/2021\/08\/Henning-Greve-Toebelmann-400x533.jpg\" alt=\"\" data-id=\"1566\" data-link=\"https:\/\/www.gruene-syke.de\/?attachment_id=1566\" class=\"wp-image-1566\" srcset=\"https:\/\/www.gruene-syke.de\/wp-content\/uploads\/2021\/08\/Henning-Greve-Toebelmann-400x533.jpg 400w, https:\/\/www.gruene-syke.de\/wp-content\/uploads\/2021\/08\/Henning-Greve-Toebelmann-800x1067.jpg 800w, https:\/\/www.gruene-syke.de\/wp-content\/uploads\/2021\/08\/Henning-Greve-Toebelmann-768x1024.jpg 768w, https:\/\/www.gruene-syke.de\/wp-content\/uploads\/2021\/08\/Henning-Greve-Toebelmann-1152x1536.jpg 1152w, https:\/\/www.gruene-syke.de\/wp-content\/uploads\/2021\/08\/Henning-Greve-Toebelmann-1536x2048.jpg 1536w, https:\/\/www.gruene-syke.de\/wp-content\/uploads\/2021\/08\/Henning-Greve-Toebelmann-113x150.jpg 113w, https:\/\/www.gruene-syke.de\/wp-content\/uploads\/2021\/08\/Henning-Greve-Toebelmann-scaled.jpg 1920w\" sizes=\"auto, (max-width: 400px) 100vw, 400px\" \/><figcaption class=\"blocks-gallery-item__caption\"><p style=\"font-size:120%\"><a href=\"https:\/\/www.gruene-syke.de\/?p=1549\/#henning-greve1\" data-type=\"internal\"><strong><span class=\"has-inline-color has-white-color\">Henning Greve-T\u00f6belmann<\/span><\/strong><\/a><\/p><\/figcaption><\/figure><\/li>\n\n<li class=\"blocks-gallery-item\"><figure><a href=\"https:\/\/www.gruene-syke.de\/?p=1719#jutta-filikowski1\" target=\"_self\" rel=\"noopener\"><img loading=\"lazy\" decoding=\"async\" width=\"400\" height=\"534\" src=\"https:\/\/www.gruene-syke.de\/wp-content\/uploads\/2021\/08\/Jutta-Filikowski-400x534.jpg\" alt=\"\" data-id=\"1569\" data-link=\"https:\/\/www.gruene-syke.de\/?attachment_id=1569\" class=\"wp-image-1569\" srcset=\"https:\/\/www.gruene-syke.de\/wp-content\/uploads\/2021\/08\/Jutta-Filikowski-400x534.jpg 400w, https:\/\/www.gruene-syke.de\/wp-content\/uploads\/2021\/08\/Jutta-Filikowski-800x1067.jpg 800w, https:\/\/www.gruene-syke.de\/wp-content\/uploads\/2021\/08\/Jutta-Filikowski-768x1025.jpg 768w, https:\/\/www.gruene-syke.de\/wp-content\/uploads\/2021\/08\/Jutta-Filikowski-112x150.jpg 112w, https:\/\/www.gruene-syke.de\/wp-content\/uploads\/2021\/08\/Jutta-Filikowski.jpg 961w\" sizes=\"auto, (max-width: 400px) 100vw, 400px\" \/><figcaption class=\"blocks-gallery-item__caption\"><p style=\"font-size:120%\"><a href=\"https:\/\/www.gruene-syke.de\/?p=1719#jutta-filikowski1\"><strong><span class=\"has-inline-color has-white-color\">Jutta Filikowski<\/span><\/strong><\/a><\/p><\/figcaption><\/figure><\/li>\n\n<li class=\"blocks-gallery-item\"><figure><a href=\"https:\/\/www.gruene-syke.de\/?p=1719#samer-nahas1\" target=\"_self\" rel=\"noopener\"><img loading=\"lazy\" decoding=\"async\" width=\"400\" height=\"533\" src=\"https:\/\/www.gruene-syke.de\/wp-content\/uploads\/2021\/08\/Samer-Nahas-400x533.jpg\" alt=\"\" data-id=\"1577\" data-link=\"https:\/\/www.gruene-syke.de\/?attachment_id=1577\" class=\"wp-image-1577\" srcset=\"https:\/\/www.gruene-syke.de\/wp-content\/uploads\/2021\/08\/Samer-Nahas-400x533.jpg 400w, https:\/\/www.gruene-syke.de\/wp-content\/uploads\/2021\/08\/Samer-Nahas-800x1067.jpg 800w, https:\/\/www.gruene-syke.de\/wp-content\/uploads\/2021\/08\/Samer-Nahas-768x1024.jpg 768w, https:\/\/www.gruene-syke.de\/wp-content\/uploads\/2021\/08\/Samer-Nahas-1152x1536.jpg 1152w, https:\/\/www.gruene-syke.de\/wp-content\/uploads\/2021\/08\/Samer-Nahas-1536x2048.jpg 1536w, https:\/\/www.gruene-syke.de\/wp-content\/uploads\/2021\/08\/Samer-Nahas-113x150.jpg 113w, https:\/\/www.gruene-syke.de\/wp-content\/uploads\/2021\/08\/Samer-Nahas-scaled.jpg 1920w\" sizes=\"auto, (max-width: 400px) 100vw, 400px\" \/><figcaption class=\"blocks-gallery-item__caption\"><p style=\"font-size:120%\"><a href=\"https:\/\/www.gruene-syke.de\/?p=1719#samer-nahas1\"><strong><span class=\"has-inline-color has-white-color\">Samer Nahas<\/span><\/strong><\/a><\/p><\/figcaption><\/figure><\/li>\n\n<li class=\"blocks-gallery-item\"><figure><a href=\"https:\/\/www.gruene-syke.de\/?p=1719#lena-eckhardt1\" target=\"_self\" rel=\"noopener\"><img loading=\"lazy\" decoding=\"async\" width=\"400\" height=\"533\" src=\"https:\/\/www.gruene-syke.de\/wp-content\/uploads\/2021\/08\/Lena-Eckhardt-400x533.jpg\" alt=\"\" data-id=\"1672\" data-link=\"https:\/\/www.gruene-syke.de\/?attachment_id=1672\" class=\"wp-image-1672\" srcset=\"https:\/\/www.gruene-syke.de\/wp-content\/uploads\/2021\/08\/Lena-Eckhardt-400x533.jpg 400w, https:\/\/www.gruene-syke.de\/wp-content\/uploads\/2021\/08\/Lena-Eckhardt-800x1066.jpg 800w, https:\/\/www.gruene-syke.de\/wp-content\/uploads\/2021\/08\/Lena-Eckhardt-768x1023.jpg 768w, https:\/\/www.gruene-syke.de\/wp-content\/uploads\/2021\/08\/Lena-Eckhardt-1153x1536.jpg 1153w, https:\/\/www.gruene-syke.de\/wp-content\/uploads\/2021\/08\/Lena-Eckhardt-1537x2048.jpg 1537w, https:\/\/www.gruene-syke.de\/wp-content\/uploads\/2021\/08\/Lena-Eckhardt-113x150.jpg 113w, https:\/\/www.gruene-syke.de\/wp-content\/uploads\/2021\/08\/Lena-Eckhardt.jpg 1705w\" sizes=\"auto, (max-width: 400px) 100vw, 400px\" \/><figcaption class=\"blocks-gallery-item__caption\"><p style=\"font-size:120%\"><a href=\"https:\/\/www.gruene-syke.de\/?p=1719#lena-eckhardt1\"><strong><span class=\"has-inline-color has-white-color\">Lena Eckhardt<\/span><\/strong><\/a><\/p><\/figcaption><\/figure><\/li>\n\n<li class=\"blocks-gallery-item\"><figure><img loading=\"lazy\" decoding=\"async\" width=\"400\" height=\"533\" src=\"https:\/\/www.gruene-syke.de\/wp-content\/uploads\/2021\/08\/Gerd-Finger-400x533.jpg\" alt=\"\" data-id=\"1563\" data-link=\"https:\/\/www.gruene-syke.de\/?attachment_id=1563\" class=\"wp-image-1563\" srcset=\"https:\/\/www.gruene-syke.de\/wp-content\/uploads\/2021\/08\/Gerd-Finger-400x533.jpg 400w, https:\/\/www.gruene-syke.de\/wp-content\/uploads\/2021\/08\/Gerd-Finger-800x1067.jpg 800w, https:\/\/www.gruene-syke.de\/wp-content\/uploads\/2021\/08\/Gerd-Finger-768x1024.jpg 768w, https:\/\/www.gruene-syke.de\/wp-content\/uploads\/2021\/08\/Gerd-Finger-1152x1536.jpg 1152w, https:\/\/www.gruene-syke.de\/wp-content\/uploads\/2021\/08\/Gerd-Finger-1536x2048.jpg 1536w, https:\/\/www.gruene-syke.de\/wp-content\/uploads\/2021\/08\/Gerd-Finger-112x150.jpg 112w, https:\/\/www.gruene-syke.de\/wp-content\/uploads\/2021\/08\/Gerd-Finger-scaled.jpg 1920w\" sizes=\"auto, (max-width: 400px) 100vw, 400px\" \/><figcaption class=\"blocks-gallery-item__caption\"><p style=\"font-size:120%\"><strong><span class=\"has-inline-color has-white-color\">Gerd Finger<\/span><\/strong><\/p><\/figcaption><\/figure><\/li>\n\n<li class=\"blocks-gallery-item\"><figure><a href=\"https:\/\/www.gruene-syke.de\/?p=1788#patricia-bollhorst1\" target=\"_self\" rel=\"noopener\"><img loading=\"lazy\" decoding=\"async\" width=\"400\" height=\"533\" src=\"https:\/\/www.gruene-syke.de\/wp-content\/uploads\/2021\/08\/Patricia-Bollhorst-400x533.jpg\" alt=\"\" data-id=\"1576\" data-link=\"https:\/\/www.gruene-syke.de\/?attachment_id=1576\" class=\"wp-image-1576\" srcset=\"https:\/\/www.gruene-syke.de\/wp-content\/uploads\/2021\/08\/Patricia-Bollhorst-400x533.jpg 400w, https:\/\/www.gruene-syke.de\/wp-content\/uploads\/2021\/08\/Patricia-Bollhorst-800x1067.jpg 800w, https:\/\/www.gruene-syke.de\/wp-content\/uploads\/2021\/08\/Patricia-Bollhorst-768x1024.jpg 768w, https:\/\/www.gruene-syke.de\/wp-content\/uploads\/2021\/08\/Patricia-Bollhorst-1152x1536.jpg 1152w, https:\/\/www.gruene-syke.de\/wp-content\/uploads\/2021\/08\/Patricia-Bollhorst-1536x2048.jpg 1536w, https:\/\/www.gruene-syke.de\/wp-content\/uploads\/2021\/08\/Patricia-Bollhorst-112x150.jpg 112w, https:\/\/www.gruene-syke.de\/wp-content\/uploads\/2021\/08\/Patricia-Bollhorst-scaled.jpg 1920w\" sizes=\"auto, (max-width: 400px) 100vw, 400px\" \/><figcaption class=\"blocks-gallery-item__caption\"><p style=\"font-size:120%\"><a href=\"https:\/\/www.gruene-syke.de\/?p=1788#patricia-bollhorst1\"><strong><span class=\"has-inline-color has-white-color\">Patricia Bollhorst<\/span><\/strong><\/a><\/p><\/figcaption><\/figure><\/li>\n\n<li class=\"blocks-gallery-item\"><figure><a href=\"https:\/\/www.gruene-syke.de\/?p=1788#marco-gehrke1\" target=\"_self\" rel=\"noopener\"><img loading=\"lazy\" decoding=\"async\" width=\"400\" height=\"533\" src=\"https:\/\/www.gruene-syke.de\/wp-content\/uploads\/2021\/08\/Marco-Gehrke-400x533.jpg\" alt=\"\" data-id=\"1574\" data-link=\"https:\/\/www.gruene-syke.de\/?attachment_id=1574\" class=\"wp-image-1574\" srcset=\"https:\/\/www.gruene-syke.de\/wp-content\/uploads\/2021\/08\/Marco-Gehrke-400x533.jpg 400w, https:\/\/www.gruene-syke.de\/wp-content\/uploads\/2021\/08\/Marco-Gehrke-800x1067.jpg 800w, https:\/\/www.gruene-syke.de\/wp-content\/uploads\/2021\/08\/Marco-Gehrke-768x1024.jpg 768w, https:\/\/www.gruene-syke.de\/wp-content\/uploads\/2021\/08\/Marco-Gehrke-1152x1536.jpg 1152w, https:\/\/www.gruene-syke.de\/wp-content\/uploads\/2021\/08\/Marco-Gehrke-1536x2048.jpg 1536w, https:\/\/www.gruene-syke.de\/wp-content\/uploads\/2021\/08\/Marco-Gehrke-112x150.jpg 112w, https:\/\/www.gruene-syke.de\/wp-content\/uploads\/2021\/08\/Marco-Gehrke-scaled.jpg 1920w\" sizes=\"auto, (max-width: 400px) 100vw, 400px\" \/><figcaption class=\"blocks-gallery-item__caption\"><p style=\"font-size:120%\"><a href=\"https:\/\/www.gruene-syke.de\/?p=1788#marco-gehrke1\"><strong><span class=\"has-inline-color has-white-color\">Marco Gehrke<\/span><\/strong><\/a><\/p><\/figcaption><\/figure><\/li>\n\n<li class=\"blocks-gallery-item\"><figure><a href=\"https:\/\/www.gruene-syke.de\/?p=1766#katja-rahders1\" target=\"_self\" rel=\"noopener\"><img loading=\"lazy\" decoding=\"async\" width=\"400\" height=\"533\" src=\"https:\/\/www.gruene-syke.de\/wp-content\/uploads\/2021\/08\/Katja-Rahders-400x533.jpg\" alt=\"\" data-id=\"1570\" data-link=\"https:\/\/www.gruene-syke.de\/?attachment_id=1570\" class=\"wp-image-1570\" srcset=\"https:\/\/www.gruene-syke.de\/wp-content\/uploads\/2021\/08\/Katja-Rahders-400x533.jpg 400w, https:\/\/www.gruene-syke.de\/wp-content\/uploads\/2021\/08\/Katja-Rahders-800x1066.jpg 800w, https:\/\/www.gruene-syke.de\/wp-content\/uploads\/2021\/08\/Katja-Rahders-768x1024.jpg 768w, https:\/\/www.gruene-syke.de\/wp-content\/uploads\/2021\/08\/Katja-Rahders-1152x1536.jpg 1152w, https:\/\/www.gruene-syke.de\/wp-content\/uploads\/2021\/08\/Katja-Rahders-1536x2048.jpg 1536w, https:\/\/www.gruene-syke.de\/wp-content\/uploads\/2021\/08\/Katja-Rahders-113x150.jpg 113w, https:\/\/www.gruene-syke.de\/wp-content\/uploads\/2021\/08\/Katja-Rahders-scaled.jpg 1920w\" sizes=\"auto, (max-width: 400px) 100vw, 400px\" \/><figcaption class=\"blocks-gallery-item__caption\"><p style=\"font-size:120%\"><a href=\"https:\/\/www.gruene-syke.de\/?p=1766#katja-rahders1\"><strong><span class=\"has-inline-color has-white-color\">Katja Rahders<\/span><\/strong><\/a><br>(Foto: <a rel=\"noreferrer noopener\" href=\"http:\/\/www.daedalus-v.de\/\" target=\"_blank\"><span class=\"has-inline-color has-light-green-cyan-color\">Ronald D. Vogel<\/span><\/a>)<\/figcaption><\/figure><\/li>\n\n<li class=\"blocks-gallery-item\"><figure><a href=\"https:\/\/www.gruene-syke.de\/?p=1766#elsa-toebelmann1\" target=\"_self\" rel=\"noopener\"><img loading=\"lazy\" decoding=\"async\" width=\"150\" height=\"150\" src=\"https:\/\/www.gruene-syke.de\/wp-content\/uploads\/2021\/08\/Elsa-33-2-150x150.jpg\" alt=\"\" data-id=\"1606\" data-link=\"https:\/\/www.gruene-syke.de\/?attachment_id=1606\" class=\"wp-image-1606\"\/><figcaption class=\"blocks-gallery-item__caption\"><p style=\"font-size:120%\"><a href=\"https:\/\/www.gruene-syke.de\/?p=1766#elsa-toebelmann1\"><strong><span class=\"has-inline-color has-white-color\">Elsa T\u00f6belmann<\/span><\/strong><\/a><\/p><\/figcaption><\/figure><\/li>\n\n<li class=\"blocks-gallery-item\"><figure><a href=\"https:\/\/www.gruene-syke.de\/?p=1766#vera-jahn1\" target=\"_self\" rel=\"noopener\"><img loading=\"lazy\" decoding=\"async\" width=\"400\" height=\"534\" src=\"https:\/\/www.gruene-syke.de\/wp-content\/uploads\/2021\/08\/Vera-Jahn-400x534.jpg\" alt=\"\" data-id=\"1578\" data-link=\"https:\/\/www.gruene-syke.de\/?attachment_id=1578\" class=\"wp-image-1578\" srcset=\"https:\/\/www.gruene-syke.de\/wp-content\/uploads\/2021\/08\/Vera-Jahn-400x534.jpg 400w, https:\/\/www.gruene-syke.de\/wp-content\/uploads\/2021\/08\/Vera-Jahn-800x1067.jpg 800w, https:\/\/www.gruene-syke.de\/wp-content\/uploads\/2021\/08\/Vera-Jahn-768x1024.jpg 768w, https:\/\/www.gruene-syke.de\/wp-content\/uploads\/2021\/08\/Vera-Jahn-1152x1536.jpg 1152w, https:\/\/www.gruene-syke.de\/wp-content\/uploads\/2021\/08\/Vera-Jahn-1535x2048.jpg 1535w, https:\/\/www.gruene-syke.de\/wp-content\/uploads\/2021\/08\/Vera-Jahn-112x150.jpg 112w, https:\/\/www.gruene-syke.de\/wp-content\/uploads\/2021\/08\/Vera-Jahn-scaled.jpg 1919w\" sizes=\"auto, (max-width: 400px) 100vw, 400px\" \/><figcaption class=\"blocks-gallery-item__caption\"><p style=\"font-size:120%\"><a href=\"https:\/\/www.gruene-syke.de\/?p=1766#vera-jahn1\"><strong><span class=\"has-inline-color has-white-color\">Vera Jahn<\/span><\/strong><\/a><\/p><\/figcaption><\/figure><\/li>\n\n<li class=\"blocks-gallery-item\"><figure><img loading=\"lazy\" decoding=\"async\" width=\"400\" height=\"403\" src=\"https:\/\/www.gruene-syke.de\/wp-content\/uploads\/2021\/08\/sonnenblume_auf_transparent_hellesgelb-01-400x403.png\" alt=\"\" data-id=\"1812\" data-full-url=\"https:\/\/www.gruene-syke.de\/wp-content\/uploads\/2021\/08\/sonnenblume_auf_transparent_hellesgelb-01.png\" data-link=\"https:\/\/www.gruene-syke.de\/?attachment_id=1812\" class=\"wp-image-1812\" srcset=\"https:\/\/www.gruene-syke.de\/wp-content\/uploads\/2021\/08\/sonnenblume_auf_transparent_hellesgelb-01-400x403.png 400w, https:\/\/www.gruene-syke.de\/wp-content\/uploads\/2021\/08\/sonnenblume_auf_transparent_hellesgelb-01-800x806.png 800w, https:\/\/www.gruene-syke.de\/wp-content\/uploads\/2021\/08\/sonnenblume_auf_transparent_hellesgelb-01-150x150.png 150w, https:\/\/www.gruene-syke.de\/wp-content\/uploads\/2021\/08\/sonnenblume_auf_transparent_hellesgelb-01-768x774.png 768w, https:\/\/www.gruene-syke.de\/wp-content\/uploads\/2021\/08\/sonnenblume_auf_transparent_hellesgelb-01-1524x1536.png 1524w, https:\/\/www.gruene-syke.de\/wp-content\/uploads\/2021\/08\/sonnenblume_auf_transparent_hellesgelb-01-2032x2048.png 2032w\" sizes=\"auto, (max-width: 400px) 100vw, 400px\" \/><\/figure><\/li><\/ul><\/figure>\n\n\n\n<p><br><\/p>\n\n\n\n<p><\/p>\n","protected":false},"excerpt":{"rendered":"<p>F\u00fcr die Ortsrats-Kandidat*innen gibt es eine eigene Seite: Kandidat*innen &#8211; Ortsr\u00e4te. F\u00fcr mehr Infos zu den Kandidat*innen bitte auf das Bild der Person klicken oder tippen. Inga-Brita Thiele Nils Brickwedel [&hellip;]<\/p>\n","protected":false},"author":3,"featured_media":0,"parent":1356,"menu_order":0,"comment_status":"closed","ping_status":"closed","template":"","meta":{"footnotes":""},"class_list":["post-1369","page","type-page","status-publish","hentry"],"_links":{"self":[{"href":"https:\/\/www.gruene-syke.de\/index.php?rest_route=\/wp\/v2\/pages\/1369","targetHints":{"allow":["GET"]}}],"collection":[{"href":"https:\/\/www.gruene-syke.de\/index.php?rest_route=\/wp\/v2\/pages"}],"about":[{"href":"https:\/\/www.gruene-syke.de\/index.php?rest_route=\/wp\/v2\/types\/page"}],"author":[{"embeddable":true,"href":"https:\/\/www.gruene-syke.de\/index.php?rest_route=\/wp\/v2\/users\/3"}],"replies":[{"embeddable":true,"href":"https:\/\/www.gruene-syke.de\/index.php?rest_route=%2Fwp%2Fv2%2Fcomments&post=1369"}],"version-history":[{"count":130,"href":"https:\/\/www.gruene-syke.de\/index.php?rest_route=\/wp\/v2\/pages\/1369\/revisions"}],"predecessor-version":[{"id":1976,"href":"https:\/\/www.gruene-syke.de\/index.php?rest_route=\/wp\/v2\/pages\/1369\/revisions\/1976"}],"up":[{"embeddable":true,"href":"https:\/\/www.gruene-syke.de\/index.php?rest_route=\/wp\/v2\/pages\/1356"}],"wp:attachment":[{"href":"https:\/\/www.gruene-syke.de\/index.php?rest_route=%2Fwp%2Fv2%2Fmedia&parent=1369"}],"curies":[{"name":"wp","href":"https:\/\/api.w.org\/{rel}","templated":true}]}}